{"id":19125,"date":"2020-02-18T11:53:39","date_gmt":"2020-02-18T10:53:39","guid":{"rendered":"https:\/\/cyprusprimeproperty.com\/hervorgehobene-oben\/"},"modified":"2020-02-18T11:53:39","modified_gmt":"2020-02-18T10:53:39","slug":"hervorgehobene-oben","status":"publish","type":"page","link":"https:\/\/cyprusprimeproperty.com\/de\/hervorgehobene-oben\/","title":{"rendered":"Hervorgehobene oben"},"content":{"rendered":"<style>\r\n.lwrp.link-whisper-related-posts{\r\n            \r\n            margin-top: 40px;\nmargin-bottom: 30px;\r\n        }\r\n        .lwrp .lwrp-title{\r\n            \r\n            \r\n        }.lwrp .lwrp-description{\r\n            \r\n            \r\n\r\n        }\r\n        .lwrp .lwrp-list-container{\r\n        }\r\n        .lwrp .lwrp-list-multi-container{\r\n            display: flex;\r\n        }\r\n        .lwrp .lwrp-list-double{\r\n            width: 48%;\r\n        }\r\n        .lwrp .lwrp-list-triple{\r\n            width: 32%;\r\n        }\r\n        .lwrp .lwrp-list-row-container{\r\n            display: flex;\r\n            justify-content: space-between;\r\n        }\r\n        .lwrp .lwrp-list-row-container .lwrp-list-item{\r\n            width: calc(25% - 20px);\r\n        }\r\n        .lwrp .lwrp-list-item:not(.lwrp-no-posts-message-item){\r\n            \r\n            \r\n        }\r\n        .lwrp .lwrp-list-item img{\r\n            max-width: 100%;\r\n            height: auto;\r\n            object-fit: cover;\r\n            aspect-ratio: 1 \/ 1;\r\n        }\r\n        .lwrp .lwrp-list-item.lwrp-empty-list-item{\r\n            background: initial !important;\r\n        }\r\n        .lwrp .lwrp-list-item .lwrp-list-link .lwrp-list-link-title-text,\r\n        .lwrp .lwrp-list-item .lwrp-list-no-posts-message{\r\n            \r\n            \r\n            \r\n            \r\n        }@media screen and (max-width: 480px) {\r\n            .lwrp.link-whisper-related-posts{\r\n                \r\n                \r\n            }\r\n            .lwrp .lwrp-title{\r\n                \r\n                \r\n            }.lwrp .lwrp-description{\r\n                \r\n                \r\n            }\r\n            .lwrp .lwrp-list-multi-container{\r\n                flex-direction: column;\r\n            }\r\n            .lwrp .lwrp-list-multi-container ul.lwrp-list{\r\n                margin-top: 0px;\r\n                margin-bottom: 0px;\r\n                padding-top: 0px;\r\n                padding-bottom: 0px;\r\n            }\r\n            .lwrp .lwrp-list-double,\r\n            .lwrp .lwrp-list-triple{\r\n                width: 100%;\r\n            }\r\n            .lwrp .lwrp-list-row-container{\r\n                justify-content: initial;\r\n                flex-direction: column;\r\n            }\r\n            .lwrp .lwrp-list-row-container .lwrp-list-item{\r\n                width: 100%;\r\n            }\r\n            .lwrp .lwrp-list-item:not(.lwrp-no-posts-message-item){\r\n                \r\n                \r\n            }\r\n            .lwrp .lwrp-list-item .lwrp-list-link .lwrp-list-link-title-text,\r\n            .lwrp .lwrp-list-item .lwrp-list-no-posts-message{\r\n                \r\n                \r\n                \r\n                \r\n            };\r\n        }<\/style>\r\n<div id=\"link-whisper-related-posts-widget\" class=\"link-whisper-related-posts lwrp\">\r\n            <h3 class=\"lwrp-title\">Related Posts<\/h3>    \r\n        <div class=\"lwrp-list-container\">\r\n                                            <div class=\"lwrp-list-multi-container\">\r\n                    <ul class=\"lwrp-list lwrp-list-double lwrp-list-left\">\r\n                        <li class=\"lwrp-list-item\"><a href=\"https:\/\/cyprusprimeproperty.com\/de\/startseite-mit-video\/\" class=\"lwrp-list-link\"><span class=\"lwrp-list-link-title-text\">Startseite mit Video<\/span><\/a><\/li><li class=\"lwrp-list-item\"><a href=\"https:\/\/cyprusprimeproperty.com\/de\/anlagesicherheit-so-schuetzen-und-vermehren-sie-ihr-vermoegen-im-jahr-2025\/\" class=\"lwrp-list-link\"><span class=\"lwrp-list-link-title-text\">Anlagesicherheit: So sch\u00fctzen und vermehren Sie Ihr Verm\u00f6gen im Jahr 2025<\/span><\/a><\/li><li class=\"lwrp-list-item\"><a href=\"https:\/\/cyprusprimeproperty.com\/de\/angebotsraster-v7-volle-breite\/\" class=\"lwrp-list-link\"><span class=\"lwrp-list-link-title-text\">Angebotsraster v7 volle Breite<\/span><\/a><\/li><li class=\"lwrp-list-item\"><a href=\"https:\/\/cyprusprimeproperty.com\/de\/residenz-staatsbuergerschaft-in-nordzypern\/\" class=\"lwrp-list-link\"><span class=\"lwrp-list-link-title-text\">Residenz &amp; Staatsb\u00fcrgerschaft in Nordzypern<\/span><\/a><\/li>                    <\/ul>\r\n                    <ul class=\"lwrp-list lwrp-list-double lwrp-list-right\">\r\n                        <li class=\"lwrp-list-item\"><a href=\"https:\/\/cyprusprimeproperty.com\/de\/nachrichten-artikel\/\" class=\"lwrp-list-link\"><span class=\"lwrp-list-link-title-text\">Nachrichten &amp; Artikel<\/span><\/a><\/li><li class=\"lwrp-list-item\"><a href=\"https:\/\/cyprusprimeproperty.com\/de\/anfrageformular\/\" class=\"lwrp-list-link\"><span class=\"lwrp-list-link-title-text\">Anfrageformular<\/span><\/a><\/li><li class=\"lwrp-list-item\"><a href=\"https:\/\/cyprusprimeproperty.com\/de\/cpp\/dubai-ist-schnee-von-gestern-nordzypern-ist-das-neue-paradies-fuer-kluge-immobilieninvestoren\/\" class=\"lwrp-list-link\"><span class=\"lwrp-list-link-title-text\">Nordzypern vs. Dubai: Warum clevere Investoren sich Europas verstecktem Immobilienparadies zuwenden<\/span><\/a><\/li><li class=\"lwrp-list-item\"><a href=\"https:\/\/cyprusprimeproperty.com\/de\/eintrag-erstellen\/\" class=\"lwrp-list-link\"><span class=\"lwrp-list-link-title-text\">Eintrag erstellen<\/span><\/a><\/li>                    <\/ul>\r\n                <\/div>\r\n                        <\/div>\r\n<\/div>","protected":false},"excerpt":{"rendered":"<p>Related Posts Startseite mit VideoAnlagesicherheit: So sch\u00fctzen und vermehren Sie Ihr Verm\u00f6gen im Jahr 2025Angebotsraster v7 volle BreiteResidenz &amp; Staatsb\u00fcrgerschaft in Nordzypern Nachrichten &amp; ArtikelAnfrageformularNordzypern vs. Dubai: Warum clevere Investoren sich Europas verstecktem Immobilienparadies zuwendenEintrag erstellen<\/p>\n","protected":false},"author":1,"featured_media":0,"parent":0,"menu_order":0,"comment_status":"closed","ping_status":"closed","template":"template\/template-listing-grid-v1.php","meta":{"footnotes":""},"class_list":["post-19125","page","type-page","status-publish","hentry"],"_links":{"self":[{"href":"https:\/\/cyprusprimeproperty.com\/de\/wp-json\/wp\/v2\/pages\/19125","targetHints":{"allow":["GET"]}}],"collection":[{"href":"https:\/\/cyprusprimeproperty.com\/de\/wp-json\/wp\/v2\/pages"}],"about":[{"href":"https:\/\/cyprusprimeproperty.com\/de\/wp-json\/wp\/v2\/types\/page"}],"author":[{"embeddable":true,"href":"https:\/\/cyprusprimeproperty.com\/de\/wp-json\/wp\/v2\/users\/1"}],"replies":[{"embeddable":true,"href":"https:\/\/cyprusprimeproperty.com\/de\/wp-json\/wp\/v2\/comments?post=19125"}],"version-history":[{"count":0,"href":"https:\/\/cyprusprimeproperty.com\/de\/wp-json\/wp\/v2\/pages\/19125\/revisions"}],"wp:attachment":[{"href":"https:\/\/cyprusprimeproperty.com\/de\/wp-json\/wp\/v2\/media?parent=19125"}],"curies":[{"name":"wp","href":"https:\/\/api.w.org\/{rel}","templated":true}]}}