{"id":19155,"date":"2016-03-10T18:51:46","date_gmt":"2016-03-10T17:51:46","guid":{"rendered":"https:\/\/cyprusprimeproperty.com\/allgemeine-geschaeftsbedingungen\/"},"modified":"2026-04-20T16:37:54","modified_gmt":"2026-04-20T14:37:54","slug":"allgemeine-geschaeftsbedingungen","status":"publish","type":"page","link":"https:\/\/cyprusprimeproperty.com\/de\/allgemeine-geschaeftsbedingungen\/","title":{"rendered":"Allgemeine Gesch\u00e4ftsbedingungen"},"content":{"rendered":"<section class=\"terms-conditions\">\n<h1>Allgemeine Gesch\u00e4ftsbedingungen<\/h1>\n<p><strong>Zuletzt aktualisiert:<\/strong> Oktober 2025<\/p>\n<p>Willkommen bei <strong>CyprusPrimeProperty.com<\/strong>. Diese Website wird von der <strong>SunShine Sales GmbH<\/strong> betrieben, eingetragen in der Donaustra\u00dfe 26, 90451 N\u00fcrnberg, Deutschland.<br \/>\n Durch den Zugriff auf diese Website oder deren Nutzung erkl\u00e4ren Sie sich mit den folgenden Bedingungen einverstanden.<br \/>\n Bitte lesen Sie diese sorgf\u00e4ltig durch, bevor Sie einen Teil unserer Website oder unserer Dienstleistungen nutzen. <\/p>\n<h2>1. Allgemeine Informationen<\/h2>\n<p><strong>CyprusPrimeProperty.com<\/strong> bietet Informationen, Angebote und Beratungsdienste im Zusammenhang mit Immobilieninvestitionen in <a class=\"wpil_keyword_link\" href=\"https:\/\/cyprusprimeproperty.com\/de\/lebensstil-wohnen-eltern\/7-iskele-das-neue-marbella-des-ostens-warum-hier-jeder-investiert\/\" title=\"\u0130skele \u2013 das neue Marbella des Ostens: Warum hier jeder investiert\" data-wpil-keyword-link=\"linked\" data-wpil-monitor-id=\"51625\">Nordzypern<\/a>.<br \/>\n Alle Inhalte auf dieser Website dienen allgemeinen Informationszwecken und stellen keine Rechts-, Finanz- oder Steuerberatung dar.<\/p>\n<h2>2. Unternehmensdetails<\/h2>\n<ul>\n<li><strong>Betreiber:<\/strong> SunShine Sales GmbH<\/li>\n<li><strong>Adresse:<\/strong> Donaustra\u00dfe 26, 90451 N\u00fcrnberg, Deutschland<\/li>\n<li><strong>Website:<\/strong> <a href=\"https:\/\/www.cyprusprimeproperty.com\" target=\"_blank\" rel=\"noopener\">www.CyprusPrimeProperty.com<\/a><\/li>\n<li><strong>E-Mail:<\/strong> <a href=\"mailto:info@cyprusprimeproperty.com\">info@cyprusprimeproperty.com<\/a><\/li>\n<li><strong>Telefon:<\/strong> +49 (0)911 477335-30<\/li>\n<\/ul>\n<h2>3. Leistungsumfang<\/h2>\n<p><a class=\"wpil_keyword_link\" href=\"https:\/\/cyprusprimeproperty.com\/de\/nicht-kategorisiert\/steuervorteile-wie-kluge-investoren-2025-profitieren\/\" title=\"Steuervorteile: Wie kluge Investoren im Jahr 2025 profitieren\" data-wpil-keyword-link=\"linked\" data-wpil-monitor-id=\"708779\">Cyprus Prime Property<\/a> bietet Immobilienangebote, Investitionsm\u00f6glichkeiten und Beratungsdienste f\u00fcr Kunden, die am Kauf von Immobilien in Nordzypern interessiert sind, in diese investieren oder sich dar\u00fcber informieren m\u00f6chten.<br \/>\n Das Unternehmen fungiert als Beratungs- und Vermittlungsdienst und arbeitet mit vertrauensw\u00fcrdigen Bautr\u00e4gern und Immobilienpartnern auf der Insel zusammen.<\/p>\n<h2>4. Nutzung der Website<\/h2>\n<ul>\n<li>Alle Nutzer m\u00fcssen diese Website in \u00dcbereinstimmung mit den geltenden Gesetzen und Vorschriften nutzen.<\/li>\n<li>Das Kopieren, Reproduzieren oder Weiterverbreiten von Inhalten von dieser Website ohne schriftliche Zustimmung ist untersagt.<\/li>\n<li>Wir behalten uns das Recht vor, jeden Aspekt der Website jederzeit ohne vorherige Ank\u00fcndigung zu \u00e4ndern, auszusetzen oder einzustellen.<\/li>\n<\/ul>\n<h2>5. Kein Angebot oder Garantie<\/h2>\n<p>Alle Informationen auf dieser Website dienen nur der allgemeinen Orientierung und stellen kein verbindliches Angebot oder eine Garantie dar.<br \/>\n Immobilienangebote, Investitionsdetails und Preisinformationen k\u00f6nnen sich \u00e4ndern und h\u00e4ngen von der Verf\u00fcgbarkeit und Drittanbietern ab.<br \/>\n Die SunShine Sales GmbH \u00fcbernimmt keine Haftung f\u00fcr typografische, informative oder technische Ungenauigkeiten.<\/p>\n<h2>6. Haftungsbeschr\u00e4nkung<\/h2>\n<p>Obwohl wir uns bem\u00fchen, die Richtigkeit und Zuverl\u00e4ssigkeit aller Inhalte sicherzustellen, haftet die <strong>SunShine Sales GmbH<\/strong> nicht f\u00fcr direkte oder indirekte Sch\u00e4den, Verluste oder Anspr\u00fcche, die sich aus der Nutzung dieser Website ergeben, einschlie\u00dflich, aber nicht beschr\u00e4nkt auf Gesch\u00e4ftsverluste, Investitionsrisiken oder Informationsfehler Dritter.<\/p>\n<h2>7. Externe Links<\/h2>\n<p>Unsere Website kann Links zu Websites Dritter enthalten. Diese Links werden nur zur Vereinfachung bereitgestellt.<br \/>\n Wir haben keine Kontrolle \u00fcber den Inhalt, die Datenschutzrichtlinien oder die Praktiken von Websites Dritter und \u00fcbernehmen keine Verantwortung daf\u00fcr.<\/p>\n<h2>8. Geistiges Eigentum<\/h2>\n<p>Alle Inhalte, Bilder, Logos, Videos und Texte, die auf dieser Website verf\u00fcgbar sind, sind das geistige Eigentum der <strong>SunShine Sales GmbH<\/strong> oder ihrer Partner, sofern nicht anders angegeben.<br \/>\n Jede unbefugte Nutzung kann rechtliche Schritte nach sich ziehen.<\/p>\n<h2>9. Datenschutz<\/h2>\n<p>Die Nutzung dieser Website unterliegt unserer <a href=\"\/privacy\/\" rel=\"nofollow\">Datenschutzrichtlinie<\/a>.<br \/>\n Durch die Nutzung dieser Website stimmen Sie der Verarbeitung personenbezogener Daten in \u00dcbereinstimmung mit den geltenden Datenschutzgesetzen, einschlie\u00dflich der DSGVO, zu.<\/p>\n<h2>10. Investment-Haftungsausschluss<\/h2>\n<p>Immobilieninvestitionen sind mit finanziellen Risiken verbunden. Die Wertentwicklung in der Vergangenheit ist kein Indikator f\u00fcr zuk\u00fcnftige Ergebnisse.<br \/>\n Anleger werden aufgefordert, eine unabh\u00e4ngige Due Diligence durchzuf\u00fchren und Rechts- oder Finanzberatung einzuholen, bevor sie Anlageentscheidungen treffen.<\/p>\n<h2>11. Gerichtsstand und anwendbares Recht<\/h2>\n<p>Diese Bedingungen unterliegen den Gesetzen der Bundesrepublik Deutschland.<br \/>\n Alle Streitigkeiten, die sich aus der Nutzung dieser Website oder der Dienstleistungen ergeben, unterliegen der ausschlie\u00dflichen Zust\u00e4ndigkeit der zust\u00e4ndigen Gerichte in N\u00fcrnberg, Deutschland.<\/p>\n<h2>12. Kontakt<\/h2>\n<p>Wenn Sie Fragen haben oder Klarstellungen zu diesen Bedingungen ben\u00f6tigen, kontaktieren Sie uns bitte:<\/p>\n<ul>\n<li>E-Mail: <a href=\"mailto:info@cyprusprimeproperty.com\">info@cyprusprimeproperty.com<\/a><\/li>\n<li>Telefon: +49 (0)911 477335-30<\/li>\n<\/ul>\n<p><strong>CyprusPrimeProperty.com von SunShine Sales GmbH<\/strong><br \/>\n Donaustra\u00dfe 26, 90451 N\u00fcrnberg, Deutschland<\/p>\n<\/section>\n<style>\r\n.lwrp.link-whisper-related-posts{\r\n            \r\n            margin-top: 40px;\nmargin-bottom: 30px;\r\n        }\r\n        .lwrp .lwrp-title{\r\n            \r\n            \r\n        }.lwrp .lwrp-description{\r\n            \r\n            \r\n\r\n        }\r\n        .lwrp .lwrp-list-container{\r\n        }\r\n        .lwrp .lwrp-list-multi-container{\r\n            display: flex;\r\n        }\r\n        .lwrp .lwrp-list-double{\r\n            width: 48%;\r\n        }\r\n        .lwrp .lwrp-list-triple{\r\n            width: 32%;\r\n        }\r\n        .lwrp .lwrp-list-row-container{\r\n            display: flex;\r\n            justify-content: space-between;\r\n        }\r\n        .lwrp .lwrp-list-row-container .lwrp-list-item{\r\n            width: calc(25% - 20px);\r\n        }\r\n        .lwrp .lwrp-list-item:not(.lwrp-no-posts-message-item){\r\n            \r\n            \r\n        }\r\n        .lwrp .lwrp-list-item img{\r\n            max-width: 100%;\r\n            height: auto;\r\n            object-fit: cover;\r\n            aspect-ratio: 1 \/ 1;\r\n        }\r\n        .lwrp .lwrp-list-item.lwrp-empty-list-item{\r\n            background: initial !important;\r\n        }\r\n        .lwrp .lwrp-list-item .lwrp-list-link .lwrp-list-link-title-text,\r\n        .lwrp .lwrp-list-item .lwrp-list-no-posts-message{\r\n            \r\n            \r\n            \r\n            \r\n        }@media screen and (max-width: 480px) {\r\n            .lwrp.link-whisper-related-posts{\r\n                \r\n                \r\n            }\r\n            .lwrp .lwrp-title{\r\n                \r\n                \r\n            }.lwrp .lwrp-description{\r\n                \r\n                \r\n            }\r\n            .lwrp .lwrp-list-multi-container{\r\n                flex-direction: column;\r\n            }\r\n            .lwrp .lwrp-list-multi-container ul.lwrp-list{\r\n                margin-top: 0px;\r\n                margin-bottom: 0px;\r\n                padding-top: 0px;\r\n                padding-bottom: 0px;\r\n            }\r\n            .lwrp .lwrp-list-double,\r\n            .lwrp .lwrp-list-triple{\r\n                width: 100%;\r\n            }\r\n            .lwrp .lwrp-list-row-container{\r\n                justify-content: initial;\r\n                flex-direction: column;\r\n            }\r\n            .lwrp .lwrp-list-row-container .lwrp-list-item{\r\n                width: 100%;\r\n            }\r\n            .lwrp .lwrp-list-item:not(.lwrp-no-posts-message-item){\r\n                \r\n                \r\n            }\r\n            .lwrp .lwrp-list-item .lwrp-list-link .lwrp-list-link-title-text,\r\n            .lwrp .lwrp-list-item .lwrp-list-no-posts-message{\r\n                \r\n                \r\n                \r\n                \r\n            };\r\n        }<\/style>\r\n<div id=\"link-whisper-related-posts-widget\" class=\"link-whisper-related-posts lwrp\">\r\n            <h3 class=\"lwrp-title\">Related Posts<\/h3>    \r\n        <div class=\"lwrp-list-container\">\r\n                                            <div class=\"lwrp-list-multi-container\">\r\n                    <ul class=\"lwrp-list lwrp-list-double lwrp-list-left\">\r\n                        <li class=\"lwrp-list-item\"><a href=\"https:\/\/cyprusprimeproperty.com\/de\/benutzer-dashboard\/\" class=\"lwrp-list-link\"><span class=\"lwrp-list-link-title-text\">Benutzer-Dashboard<\/span><\/a><\/li><li class=\"lwrp-list-item\"><a href=\"https:\/\/cyprusprimeproperty.com\/de\/rasteransicht-v7-2-spalten\/\" class=\"lwrp-list-link\"><span class=\"lwrp-list-link-title-text\">Rasteransicht v7 &#8211; 2 Spalten<\/span><\/a><\/li><li class=\"lwrp-list-item\"><a href=\"https:\/\/cyprusprimeproperty.com\/de\/nicht-kategorisiert\/dubai-vs-nordzypern-trnc-welcher-immobilienmarkt-gewinnt-im-jahr-2025\/\" class=\"lwrp-list-link\"><span class=\"lwrp-list-link-title-text\">Beste Immobilieninvestition 2025: Dubai vs. Nordzypern (TRNC) Marktanalyse und ROI-Vergleich<\/span><\/a><\/li><li class=\"lwrp-list-item\"><a href=\"https:\/\/cyprusprimeproperty.com\/de\/stripe\/\" class=\"lwrp-list-link\"><span class=\"lwrp-list-link-title-text\">Stripe<\/span><\/a><\/li>                    <\/ul>\r\n                    <ul class=\"lwrp-list lwrp-list-double lwrp-list-right\">\r\n                        <li class=\"lwrp-list-item\"><a href=\"https:\/\/cyprusprimeproperty.com\/de\/lebensstil-wohnen-eltern\/8-sicherheit-stabilitaet-und-gastfreundschaft-warum-nordzypern-der-friedlichste-ort-im-mittelmeer-ist\/\" class=\"lwrp-list-link\"><span class=\"lwrp-list-link-title-text\">Sicherheit, Stabilit\u00e4t und Gastfreundschaft: Warum Nordzypern der friedlichste Ort im Mittelmeer ist<\/span><\/a><\/li><li class=\"lwrp-list-item\"><a href=\"https:\/\/cyprusprimeproperty.com\/de\/mit-parallaxe\/\" class=\"lwrp-list-link\"><span class=\"lwrp-list-link-title-text\">Mit Parallaxe<\/span><\/a><\/li><li class=\"lwrp-list-item\"><a href=\"https:\/\/cyprusprimeproperty.com\/de\/lebensstil-wohnen-eltern\/umzug-rechtliches\/6-sofortiger-aufenthaltstitel-beim-kauf-einer-immobilie-wie-einfach-nordzypern-es-macht\/\" class=\"lwrp-list-link\"><span class=\"lwrp-list-link-title-text\">Sichern Sie sich eine 5-j\u00e4hrige Aufenthaltsgenehmigung in Nordzypern durch Immobilieneigentum: der vollst\u00e4ndige Leitfaden f\u00fcr internationale K\u00e4ufer<\/span><\/a><\/li><li class=\"lwrp-list-item\"><a href=\"https:\/\/cyprusprimeproperty.com\/de\/nicht-kategorisiert\/immobilienbranche-und-wettbewerber\/\" class=\"lwrp-list-link\"><span class=\"lwrp-list-link-title-text\">Immobilienbranche und Wettbewerber<\/span><\/a><\/li>                    <\/ul>\r\n                <\/div>\r\n                        <\/div>\r\n<\/div>","protected":false},"excerpt":{"rendered":"<p>Entdecken Sie CyprusPrimeProperty.com f\u00fcr fachkundige Immobilienangebote, Investitionseinblicke und Beratung in Nordzypern.<\/p>\n","protected":false},"author":1,"featured_media":20692,"parent":0,"menu_order":0,"comment_status":"closed","ping_status":"closed","template":"","meta":{"footnotes":""},"class_list":["post-19155","page","type-page","status-publish","has-post-thumbnail","hentry"],"_links":{"self":[{"href":"https:\/\/cyprusprimeproperty.com\/de\/wp-json\/wp\/v2\/pages\/19155","targetHints":{"allow":["GET"]}}],"collection":[{"href":"https:\/\/cyprusprimeproperty.com\/de\/wp-json\/wp\/v2\/pages"}],"about":[{"href":"https:\/\/cyprusprimeproperty.com\/de\/wp-json\/wp\/v2\/types\/page"}],"author":[{"embeddable":true,"href":"https:\/\/cyprusprimeproperty.com\/de\/wp-json\/wp\/v2\/users\/1"}],"replies":[{"embeddable":true,"href":"https:\/\/cyprusprimeproperty.com\/de\/wp-json\/wp\/v2\/comments?post=19155"}],"version-history":[{"count":10,"href":"https:\/\/cyprusprimeproperty.com\/de\/wp-json\/wp\/v2\/pages\/19155\/revisions"}],"predecessor-version":[{"id":681341,"href":"https:\/\/cyprusprimeproperty.com\/de\/wp-json\/wp\/v2\/pages\/19155\/revisions\/681341"}],"wp:featuredmedia":[{"embeddable":true,"href":"https:\/\/cyprusprimeproperty.com\/de\/wp-json\/wp\/v2\/media\/20692"}],"wp:attachment":[{"href":"https:\/\/cyprusprimeproperty.com\/de\/wp-json\/wp\/v2\/media?parent=19155"}],"curies":[{"name":"wp","href":"https:\/\/api.w.org\/{rel}","templated":true}]}}