{"id":20817,"date":"2025-10-23T12:31:39","date_gmt":"2025-10-23T10:31:39","guid":{"rendered":"https:\/\/cyprusprimeproperty.com\/rechtliches\/"},"modified":"2026-04-30T05:24:55","modified_gmt":"2026-04-30T03:24:55","slug":"rechtliches","status":"publish","type":"page","link":"https:\/\/cyprusprimeproperty.com\/de\/rechtliches\/","title":{"rendered":"Rechtliches"},"content":{"rendered":"<p><!-- LEGAL NOTICE \/ IMPRINT \u2013 CyprusPrimeProperty.com --><\/p>\n<section class=\"legal-notice\">\n<h1>Impressum<\/h1>\n<p><strong>Zuletzt aktualisiert:<\/strong> Oktober 2025<\/p>\n<h2>1. Unternehmensinformationen<\/h2>\n<p>\n    <strong>Cyprus Prime Property<\/strong><br \/> ist eine Marke der <strong>SunShine Sales GmbH<\/strong><br \/> Donaustra\u00dfe 26<br \/> 90451 N\u00fcrnberg, Deutschland<\/p>\n<p> \ud83d\udcde <a href=\"tel:+4991147733530\">+49 911 477335-30<\/a><br \/> \ud83d\udce7 <a href=\"mailto:info@cyprusprimeproperty.com\">info@cyprusprimeproperty.com<\/a><br \/> \ud83c\udf10 <a href=\"https:\/\/www.cyprusprimeproperty.com\" target=\"_blank\" rel=\"noopener\">www.cyprusprimeproperty.com<\/a>\n  <\/p>\n<h2>2. Gesetzliche Vertretung<\/h2>\n<p>\n  Gesch\u00e4ftsf\u00fchrer: <strong>Markus Schebitz<\/strong><br \/> Handelsregister: Amtsgericht N\u00fcrnberg, HRB 41782<br \/> Umsatzsteuer-Identifikationsnummer: DE341064619\n  <\/p>\n<h2>3. Verantwortlich f\u00fcr Inhalte gem\u00e4\u00df \u00a7 18 Abs. 2 MStV (Deutschland) <\/h2>\n<p>\n  Markus Schebitz<br \/> c\/o SunShine Sales GmbH<br \/> Donaustra\u00dfe 26<br \/> 90451 N\u00fcrnberg, Deutschland\n  <\/p>\n<h2>4. Haftungsausschluss<\/h2>\n<p>\n Die Inhalte dieser Website wurden mit gr\u00f6\u00dftm\u00f6glicher Sorgfalt erstellt. Wir k\u00f6nnen jedoch keine Gew\u00e4hr f\u00fcr die Richtigkeit, Vollst\u00e4ndigkeit oder Aktualit\u00e4t der bereitgestellten Informationen \u00fcbernehmen.<br \/>\n  Als Diensteanbieter sind wir gem\u00e4\u00df \u00a7 7 Abs. 1 TMG f\u00fcr eigene Inhalte auf diesen Seiten nach den allgemeinen Gesetzen verantwortlich.<br \/>\n  Nach \u00a7\u00a7 8 bis 10 TMG sind wir als Diensteanbieter jedoch nicht verpflichtet, \u00fcbermittelte oder gespeicherte fremde Informationen zu \u00fcberwachen oder nach Umst\u00e4nden zu forschen, die auf eine rechtswidrige T\u00e4tigkeit hinweisen.\n  <\/p>\n<p>\n  Verpflichtungen zur Entfernung oder Sperrung der Nutzung von Informationen nach den allgemeinen Gesetzen bleiben hiervon unber\u00fchrt.<br \/>\n  Eine diesbez\u00fcgliche Haftung ist jedoch erst ab dem Zeitpunkt der Kenntnis einer konkreten Rechtsverletzung m\u00f6glich.<br \/>\n  Bei Bekanntwerden von entsprechenden Rechtsverletzungen werden wir diese Inhalte umgehend entfernen.\n  <\/p>\n<h2>5. Haftung f\u00fcr Links<\/h2>\n<p>\n  Unser Angebot enth\u00e4lt Links zu externen Webseiten Dritter, auf deren Inhalte wir keinen Einfluss haben.<br \/>\n  Deshalb k\u00f6nnen wir f\u00fcr diese fremden Inhalte auch keine Gew\u00e4hr \u00fcbernehmen.<br \/>\n  F\u00fcr die Inhalte der verlinkten Seiten ist stets der jeweilige Anbieter oder Betreiber der Seiten verantwortlich.<br \/>\n  Rechtswidrige Inhalte waren zum Zeitpunkt der Verlinkung nicht erkennbar.<br \/>\n  Eine permanente inhaltliche Kontrolle der verlinkten Seiten ist jedoch ohne konkrete Anhaltspunkte einer Rechtsverletzung nicht zumutbar.<br \/>\n  Bei Bekanntwerden von Rechtsverletzungen werden wir derartige Links umgehend entfernen.\n  <\/p>\n<h2>6. Urheberrecht<\/h2>\n<p>\n  Die durch die Seitenbetreiber erstellten Inhalte und Werke auf diesen Seiten unterliegen dem deutschen Urheberrecht.<br \/>\n  Die Vervielf\u00e4ltigung, Bearbeitung, Verbreitung und jede Art der Verwertung au\u00dferhalb der Grenzen des Urheberrechtes bed\u00fcrfen der schriftlichen Zustimmung des jeweiligen Autors bzw. Erstellers.<br \/>\n  Downloads und Kopien dieser Seite sind nur f\u00fcr den privaten, nicht kommerziellen Gebrauch gestattet.\n  <\/p>\n<p>\n  Soweit die Inhalte auf dieser Seite nicht vom Betreiber erstellt wurden, werden die Urheberrechte Dritter beachtet.<br \/>\n  Insbesondere werden Inhalte Dritter als solche gekennzeichnet.<br \/>\n  Sollten Sie trotzdem auf eine Urheberrechtsverletzung aufmerksam werden, bitten wir um einen entsprechenden Hinweis.<br \/>\n  Bei Bekanntwerden von Rechtsverletzungen werden wir derartige Inhalte umgehend entfernen.\n  <\/p>\n<h2>7. Online-Streitbeilegung<\/h2>\n<p>\n  Die Europ\u00e4ische Kommission stellt eine Plattform zur Online-Streitbeilegung (OS) bereit:<br \/>\n    <a href=\"https:\/\/ec.europa.eu\/consumers\/odr\" target=\"_blank\" rel=\"noopener nofollow\">https:\/\/ec.europa.eu\/consumers\/odr<\/a><br \/> Wir sind nicht bereit oder verpflichtet, an Streitbeilegungsverfahren vor einer Verbraucherschlichtungsstelle teilzunehmen.\n  <\/p>\n<h2>8. Berufshaftpflicht \/ Geltungsbereich<\/h2>\n<p>\n    <a class=\"wpil_keyword_link\" href=\"https:\/\/cyprusprimeproperty.com\/de\/nicht-kategorisiert\/steuervorteile-wie-kluge-investoren-2025-profitieren\/\" title=\"Steuervorteile: Wie kluge Investoren im Jahr 2025 profitieren\" data-wpil-keyword-link=\"linked\" data-wpil-monitor-id=\"761667\">Cyprus Prime Property<\/a> fungiert als Immobilienberatungs- und Investmentmarketingagentur, die sich auf Immobilien in Nordzypern spezialisiert hat.<br \/>\n Alle Immobiliendetails, Preise und Verf\u00fcgbarkeiten k\u00f6nnen sich \u00e4ndern und werden von den jeweiligen Bautr\u00e4gern bereitgestellt.<br \/>\n Es wird keine Garantie f\u00fcr Richtigkeit oder Vollst\u00e4ndigkeit \u00fcbernommen. F\u00fcr in Deutschland geschlossene Vertr\u00e4ge gilt deutsches Recht.\n  <\/p>\n<h2>9. Kontakt<\/h2>\n<p>\n  Bei rechtlichen oder datenschutzbezogenen Fragen wenden Sie sich bitte an:<br \/>    <strong>SunShine Sales GmbH \u2013 Rechtsabteilung<\/strong><br \/> \ud83d\udce7 <a href=\"mailto:info@cyprusprimeproperty.com\">info@cyprusprimeproperty.com<\/a><br \/> \ud83d\udcde <a href=\"tel:+4991147733530\">+49 911 477335-30<\/a>\n  <\/p>\n<\/section>\n<p><!-- STRUCTURED DATA FOR LEGAL PAGE --><\/p>\n<p>{<br \/>\n  &#8220;@context&#8221;: &#8220;https:\/\/schema.org&#8221;,<br \/>\n  &#8220;@type&#8221;: &#8220;WebPage&#8221;,<br \/>\n  &#8220;name&#8221;: &#8220;Impressum \u2013 Cyprus Prime Property&#8221;,<br \/>\n  &#8220;url&#8221;: &#8220;https:\/\/www.cyprusprimeproperty.com\/legal\/&#8221;,<br \/>\n  &#8220;inLanguage&#8221;: &#8220;de&#8221;,<br \/>\n  &#8220;mainEntity&#8221;: {<br \/>\n \u201e@type&#8221;: \u201eOrganization&#8221;<br \/>\n \u201ename&#8221;: \u201eCyprus Prime Property&#8221;<br \/>\n \u201eurl&#8221;: \u201ehttps:\/\/www.cyprusprimeproperty.com&#8221;<br \/>\n \u201elogo&#8221;: {<br \/>\n \u201e@type&#8221;: \u201eImageObject&#8221;<br \/>\n \u201eurl&#8221;: \u201ehttps:\/\/cyprusprimeproperty.com\/wp-content\/smush-webp\/2025\/10\/CPP-CyprusPrimeProperty-Logo-blau3-800&#215;250-1.png.webp&#8221;<br \/>\n  },<br \/>\n \u201eparentOrganization&#8221;: {<br \/>\n \u201e@type&#8221;: \u201eOrganization&#8221;<br \/>\n \u201ename&#8221;: \u201eSunShine Sales GmbH&#8221;<br \/>\n \u201eaddress&#8221;: {<br \/>\n  &#8220;@type&#8221;: &#8220;PostalAddress&#8221;,<br \/>\n  &#8220;streetAddress&#8221;: &#8220;Donaustra\u00dfe 26&#8221;,<br \/>\n  &#8220;postalCode&#8221;: &#8220;90451&#8221;,<br \/>\n  &#8220;addressLocality&#8221;: &#8220;N\u00fcrnberg&#8221;,<br \/>\n  &#8220;addressCountry&#8221;: &#8220;DE&#8221;<br \/>\n  },<br \/>\n  &#8220;telephone&#8221;: &#8220;+49 911 477335-30&#8221;,<br \/>\n  &#8220;email&#8221;: &#8220;info@cyprusprimeproperty.com&#8221;<br \/>\n  }<br \/>\n  },<br \/>\n  &#8220;publisher&#8221;: {<br \/>\n \u201e@type&#8221;: \u201eOrganization&#8221;<br \/>\n \u201ename&#8221;: \u201eSunShine Sales GmbH&#8221;<br \/>\n  &#8220;url&#8221;: &#8220;https:\/\/www.sunshinesales.de&#8221;<br \/>\n  },<br \/>\n  &#8220;datePublished&#8221;: &#8220;2025-10-23&#8221;,<br \/>\n  &#8220;dateModified&#8221;: &#8220;2025-10-23&#8221;,<br \/>\n  &#8220;about&#8221;: &#8220;Rechtliche Offenlegung, Unternehmensdetails und Haftungsausschl\u00fcsse f\u00fcr CyprusPrimeProperty.com gem\u00e4\u00df EU- und deutschem Recht.&#8221;<br \/>\n}<\/p>\n<style>\r\n.lwrp.link-whisper-related-posts{\r\n            \r\n            margin-top: 40px;\nmargin-bottom: 30px;\r\n        }\r\n        .lwrp .lwrp-title{\r\n            \r\n            \r\n        }.lwrp .lwrp-description{\r\n            \r\n            \r\n\r\n        }\r\n        .lwrp .lwrp-list-container{\r\n        }\r\n        .lwrp .lwrp-list-multi-container{\r\n            display: flex;\r\n        }\r\n        .lwrp .lwrp-list-double{\r\n            width: 48%;\r\n        }\r\n        .lwrp .lwrp-list-triple{\r\n            width: 32%;\r\n        }\r\n        .lwrp .lwrp-list-row-container{\r\n            display: flex;\r\n            justify-content: space-between;\r\n        }\r\n        .lwrp .lwrp-list-row-container .lwrp-list-item{\r\n            width: calc(25% - 20px);\r\n        }\r\n        .lwrp .lwrp-list-item:not(.lwrp-no-posts-message-item){\r\n            \r\n            \r\n        }\r\n        .lwrp .lwrp-list-item img{\r\n            max-width: 100%;\r\n            height: auto;\r\n            object-fit: cover;\r\n            aspect-ratio: 1 \/ 1;\r\n        }\r\n        .lwrp .lwrp-list-item.lwrp-empty-list-item{\r\n            background: initial !important;\r\n        }\r\n        .lwrp .lwrp-list-item .lwrp-list-link .lwrp-list-link-title-text,\r\n        .lwrp .lwrp-list-item .lwrp-list-no-posts-message{\r\n            \r\n            \r\n            \r\n            \r\n        }@media screen and (max-width: 480px) {\r\n            .lwrp.link-whisper-related-posts{\r\n                \r\n                \r\n            }\r\n            .lwrp .lwrp-title{\r\n                \r\n                \r\n            }.lwrp .lwrp-description{\r\n                \r\n                \r\n            }\r\n            .lwrp .lwrp-list-multi-container{\r\n                flex-direction: column;\r\n            }\r\n            .lwrp .lwrp-list-multi-container ul.lwrp-list{\r\n                margin-top: 0px;\r\n                margin-bottom: 0px;\r\n                padding-top: 0px;\r\n                padding-bottom: 0px;\r\n            }\r\n            .lwrp .lwrp-list-double,\r\n            .lwrp .lwrp-list-triple{\r\n                width: 100%;\r\n            }\r\n            .lwrp .lwrp-list-row-container{\r\n                justify-content: initial;\r\n                flex-direction: column;\r\n            }\r\n            .lwrp .lwrp-list-row-container .lwrp-list-item{\r\n                width: 100%;\r\n            }\r\n            .lwrp .lwrp-list-item:not(.lwrp-no-posts-message-item){\r\n                \r\n                \r\n            }\r\n            .lwrp .lwrp-list-item .lwrp-list-link .lwrp-list-link-title-text,\r\n            .lwrp .lwrp-list-item .lwrp-list-no-posts-message{\r\n                \r\n                \r\n                \r\n                \r\n            };\r\n        }<\/style>\r\n<div id=\"link-whisper-related-posts-widget\" class=\"link-whisper-related-posts lwrp\">\r\n            <h3 class=\"lwrp-title\">Related Posts<\/h3>    \r\n        <div class=\"lwrp-list-container\">\r\n                                            <div class=\"lwrp-list-multi-container\">\r\n                    <ul class=\"lwrp-list lwrp-list-double lwrp-list-left\">\r\n                        <li class=\"lwrp-list-item\"><a href=\"https:\/\/cyprusprimeproperty.com\/de\/nachrichten-artikel\/\" class=\"lwrp-list-link\"><span class=\"lwrp-list-link-title-text\">Nachrichten &amp; Artikel<\/span><\/a><\/li><li class=\"lwrp-list-item\"><a href=\"https:\/\/cyprusprimeproperty.com\/de\/home-revolution-slider\/\" class=\"lwrp-list-link\"><span class=\"lwrp-list-link-title-text\">Home Revolution Slider<\/span><\/a><\/li><li class=\"lwrp-list-item\"><a href=\"https:\/\/cyprusprimeproperty.com\/de\/stripe\/\" class=\"lwrp-list-link\"><span class=\"lwrp-list-link-title-text\">Stripe<\/span><\/a><\/li><li class=\"lwrp-list-item\"><a href=\"https:\/\/cyprusprimeproperty.com\/de\/raster-ersteller\/\" class=\"lwrp-list-link\"><span class=\"lwrp-list-link-title-text\">Raster-Ersteller<\/span><\/a><\/li>                    <\/ul>\r\n                    <ul class=\"lwrp-list lwrp-list-double lwrp-list-right\">\r\n                        <li class=\"lwrp-list-item\"><a href=\"https:\/\/cyprusprimeproperty.com\/de\/mit-inhalt-unten\/\" class=\"lwrp-list-link\"><span class=\"lwrp-list-link-title-text\">Mit Inhalt unten<\/span><\/a><\/li><li class=\"lwrp-list-item\"><a href=\"https:\/\/cyprusprimeproperty.com\/de\/angebotsraster-v7\/\" class=\"lwrp-list-link\"><span class=\"lwrp-list-link-title-text\">Angebotsraster v7<\/span><\/a><\/li><li class=\"lwrp-list-item\"><a href=\"https:\/\/cyprusprimeproperty.com\/de\/bestellung-abschliessen\/\" class=\"lwrp-list-link\"><span class=\"lwrp-list-link-title-text\">Bestellung abschlie\u00dfen<\/span><\/a><\/li><li class=\"lwrp-list-item\"><a href=\"https:\/\/cyprusprimeproperty.com\/de\/benutzer-dashboard\/\" class=\"lwrp-list-link\"><span class=\"lwrp-list-link-title-text\">Benutzer-Dashboard<\/span><\/a><\/li>                    <\/ul>\r\n                <\/div>\r\n                        <\/div>\r\n<\/div>","protected":false},"excerpt":{"rendered":"<p>Offizieller rechtlicher Hinweis f\u00fcr Cyprus Prime Property von SunShine Sales GmbH mit Unternehmensdetails, Haftungsausschl\u00fcssen und Kontaktinformationen.<\/p>\n","protected":false},"author":1,"featured_media":20818,"parent":0,"menu_order":0,"comment_status":"closed","ping_status":"closed","template":"","meta":{"footnotes":""},"class_list":["post-20817","page","type-page","status-publish","has-post-thumbnail","hentry"],"_links":{"self":[{"href":"https:\/\/cyprusprimeproperty.com\/de\/wp-json\/wp\/v2\/pages\/20817","targetHints":{"allow":["GET"]}}],"collection":[{"href":"https:\/\/cyprusprimeproperty.com\/de\/wp-json\/wp\/v2\/pages"}],"about":[{"href":"https:\/\/cyprusprimeproperty.com\/de\/wp-json\/wp\/v2\/types\/page"}],"author":[{"embeddable":true,"href":"https:\/\/cyprusprimeproperty.com\/de\/wp-json\/wp\/v2\/users\/1"}],"replies":[{"embeddable":true,"href":"https:\/\/cyprusprimeproperty.com\/de\/wp-json\/wp\/v2\/comments?post=20817"}],"version-history":[{"count":10,"href":"https:\/\/cyprusprimeproperty.com\/de\/wp-json\/wp\/v2\/pages\/20817\/revisions"}],"predecessor-version":[{"id":734508,"href":"https:\/\/cyprusprimeproperty.com\/de\/wp-json\/wp\/v2\/pages\/20817\/revisions\/734508"}],"wp:featuredmedia":[{"embeddable":true,"href":"https:\/\/cyprusprimeproperty.com\/de\/wp-json\/wp\/v2\/media\/20818"}],"wp:attachment":[{"href":"https:\/\/cyprusprimeproperty.com\/de\/wp-json\/wp\/v2\/media?parent=20817"}],"curies":[{"name":"wp","href":"https:\/\/api.w.org\/{rel}","templated":true}]}}