{"id":18978,"date":"2020-02-18T11:35:43","date_gmt":"2020-02-18T10:35:43","guid":{"rendered":"https:\/\/cyprusprimeproperty.com\/ana-sayfa-splash\/"},"modified":"2020-02-18T11:35:43","modified_gmt":"2020-02-18T10:35:43","slug":"ana-sayfa-splash","status":"publish","type":"page","link":"https:\/\/cyprusprimeproperty.com\/tr\/ana-sayfa-splash\/","title":{"rendered":"Ana Sayfa Splash"},"content":{"rendered":"<style>\r\n.lwrp.link-whisper-related-posts{\r\n            \r\n            margin-top: 40px;\nmargin-bottom: 30px;\r\n        }\r\n        .lwrp .lwrp-title{\r\n            \r\n            \r\n        }.lwrp .lwrp-description{\r\n            \r\n            \r\n\r\n        }\r\n        .lwrp .lwrp-list-container{\r\n        }\r\n        .lwrp .lwrp-list-multi-container{\r\n            display: flex;\r\n        }\r\n        .lwrp .lwrp-list-double{\r\n            width: 48%;\r\n        }\r\n        .lwrp .lwrp-list-triple{\r\n            width: 32%;\r\n        }\r\n        .lwrp .lwrp-list-row-container{\r\n            display: flex;\r\n            justify-content: space-between;\r\n        }\r\n        .lwrp .lwrp-list-row-container .lwrp-list-item{\r\n            width: calc(25% - 20px);\r\n        }\r\n        .lwrp .lwrp-list-item:not(.lwrp-no-posts-message-item){\r\n            \r\n            \r\n        }\r\n        .lwrp .lwrp-list-item img{\r\n            max-width: 100%;\r\n            height: auto;\r\n            object-fit: cover;\r\n            aspect-ratio: 1 \/ 1;\r\n        }\r\n        .lwrp .lwrp-list-item.lwrp-empty-list-item{\r\n            background: initial !important;\r\n        }\r\n        .lwrp .lwrp-list-item .lwrp-list-link .lwrp-list-link-title-text,\r\n        .lwrp .lwrp-list-item .lwrp-list-no-posts-message{\r\n            \r\n            \r\n            \r\n            \r\n        }@media screen and (max-width: 480px) {\r\n            .lwrp.link-whisper-related-posts{\r\n                \r\n                \r\n            }\r\n            .lwrp .lwrp-title{\r\n                \r\n                \r\n            }.lwrp .lwrp-description{\r\n                \r\n                \r\n            }\r\n            .lwrp .lwrp-list-multi-container{\r\n                flex-direction: column;\r\n            }\r\n            .lwrp .lwrp-list-multi-container ul.lwrp-list{\r\n                margin-top: 0px;\r\n                margin-bottom: 0px;\r\n                padding-top: 0px;\r\n                padding-bottom: 0px;\r\n            }\r\n            .lwrp .lwrp-list-double,\r\n            .lwrp .lwrp-list-triple{\r\n                width: 100%;\r\n            }\r\n            .lwrp .lwrp-list-row-container{\r\n                justify-content: initial;\r\n                flex-direction: column;\r\n            }\r\n            .lwrp .lwrp-list-row-container .lwrp-list-item{\r\n                width: 100%;\r\n            }\r\n            .lwrp .lwrp-list-item:not(.lwrp-no-posts-message-item){\r\n                \r\n                \r\n            }\r\n            .lwrp .lwrp-list-item .lwrp-list-link .lwrp-list-link-title-text,\r\n            .lwrp .lwrp-list-item .lwrp-list-no-posts-message{\r\n                \r\n                \r\n                \r\n                \r\n            };\r\n        }<\/style>\r\n<div id=\"link-whisper-related-posts-widget\" class=\"link-whisper-related-posts lwrp\">\r\n            <h3 class=\"lwrp-title\">Related Posts<\/h3>    \r\n        <div class=\"lwrp-list-container\">\r\n                                            <div class=\"lwrp-list-multi-container\">\r\n                    <ul class=\"lwrp-list lwrp-list-double lwrp-list-left\">\r\n                        <li class=\"lwrp-list-item\"><a href=\"https:\/\/cyprusprimeproperty.com\/tr\/haberler-makaleler\/\" class=\"lwrp-list-link\"><span class=\"lwrp-list-link-title-text\">Haberler &amp; makaleler<\/span><\/a><\/li><li class=\"lwrp-list-item\"><a href=\"https:\/\/cyprusprimeproperty.com\/tr\/kaydedilen-arama\/\" class=\"lwrp-list-link\"><span class=\"lwrp-list-link-title-text\">Kaydedilen arama<\/span><\/a><\/li><li class=\"lwrp-list-item\"><a href=\"https:\/\/cyprusprimeproperty.com\/tr\/paralaks-ile\/\" class=\"lwrp-list-link\"><span class=\"lwrp-list-link-title-text\">Paralaks ile<\/span><\/a><\/li><li class=\"lwrp-list-item\"><a href=\"https:\/\/cyprusprimeproperty.com\/tr\/uncategorized-tr\/dubai-ve-kuzey-kibris-kktc-2025te-hangi-emlak-piyasasi-kazaniyor\/\" class=\"lwrp-list-link\"><span class=\"lwrp-list-link-title-text\">2025&#8217;in En \u0130yi Gayrimenkul Yat\u0131r\u0131m\u0131: Dubai ve Kuzey K\u0131br\u0131s (KKTC) Pazar Analizi ve Yat\u0131r\u0131m Getirisi Kar\u015f\u0131la\u015ft\u0131rmas\u0131<\/span><\/a><\/li>                    <\/ul>\r\n                    <ul class=\"lwrp-list lwrp-list-double lwrp-list-right\">\r\n                        <li class=\"lwrp-list-item\"><a href=\"https:\/\/cyprusprimeproperty.com\/tr\/kuzey-kibris-gayrimenkul-hakkinda-sik-sorulan-sorular\/\" class=\"lwrp-list-link\"><span class=\"lwrp-list-link-title-text\">Kuzey K\u0131br\u0131s Gayrimenkul hakk\u0131nda s\u0131k sorulan sorular<\/span><\/a><\/li><li class=\"lwrp-list-item\"><a href=\"https:\/\/cyprusprimeproperty.com\/tr\/izgara-olusturucu\/\" class=\"lwrp-list-link\"><span class=\"lwrp-list-link-title-text\">Izgara olu\u015fturucu<\/span><\/a><\/li><li class=\"lwrp-list-item\"><a href=\"https:\/\/cyprusprimeproperty.com\/tr\/ilanlar-izgarasi-v7-2-sutun\/\" class=\"lwrp-list-link\"><span class=\"lwrp-list-link-title-text\">\u0130lanlar \u0131zgaras\u0131 v7 &#8211; 2 s\u00fctun<\/span><\/a><\/li><li class=\"lwrp-list-item\"><a href=\"https:\/\/cyprusprimeproperty.com\/tr\/2-sutunlu-tam-genislikte-izgara\/\" class=\"lwrp-list-link\"><span class=\"lwrp-list-link-title-text\">2 s\u00fctunlu tam geni\u015flikte \u0131zgara<\/span><\/a><\/li>                    <\/ul>\r\n                <\/div>\r\n                        <\/div>\r\n<\/div>","protected":false},"excerpt":{"rendered":"<p>Related Posts Haberler &amp; makalelerKaydedilen aramaParalaks ile2025&#8217;in En \u0130yi Gayrimenkul Yat\u0131r\u0131m\u0131: Dubai ve Kuzey K\u0131br\u0131s (KKTC) Pazar Analizi ve Yat\u0131r\u0131m Getirisi Kar\u015f\u0131la\u015ft\u0131rmas\u0131 Kuzey K\u0131br\u0131s Gayrimenkul hakk\u0131nda s\u0131k sorulan sorularIzgara olu\u015fturucu\u0130lanlar \u0131zgaras\u0131 v7 &#8211; 2 s\u00fctun2 s\u00fctunlu tam geni\u015flikte \u0131zgara<\/p>\n","protected":false},"author":1,"featured_media":0,"parent":0,"menu_order":0,"comment_status":"closed","ping_status":"closed","template":"template\/template-splash.php","meta":{"footnotes":""},"class_list":["post-18978","page","type-page","status-publish","hentry"],"_links":{"self":[{"href":"https:\/\/cyprusprimeproperty.com\/tr\/wp-json\/wp\/v2\/pages\/18978","targetHints":{"allow":["GET"]}}],"collection":[{"href":"https:\/\/cyprusprimeproperty.com\/tr\/wp-json\/wp\/v2\/pages"}],"about":[{"href":"https:\/\/cyprusprimeproperty.com\/tr\/wp-json\/wp\/v2\/types\/page"}],"author":[{"embeddable":true,"href":"https:\/\/cyprusprimeproperty.com\/tr\/wp-json\/wp\/v2\/users\/1"}],"replies":[{"embeddable":true,"href":"https:\/\/cyprusprimeproperty.com\/tr\/wp-json\/wp\/v2\/comments?post=18978"}],"version-history":[{"count":0,"href":"https:\/\/cyprusprimeproperty.com\/tr\/wp-json\/wp\/v2\/pages\/18978\/revisions"}],"wp:attachment":[{"href":"https:\/\/cyprusprimeproperty.com\/tr\/wp-json\/wp\/v2\/media?parent=18978"}],"curies":[{"name":"wp","href":"https:\/\/api.w.org\/{rel}","templated":true}]}}