{"id":19122,"date":"2020-02-18T11:54:25","date_gmt":"2020-02-18T10:54:25","guid":{"rendered":"https:\/\/cyprusprimeproperty.com\/harita-basligi-ile\/"},"modified":"2020-02-18T11:54:25","modified_gmt":"2020-02-18T10:54:25","slug":"harita-basligi-ile","status":"publish","type":"page","link":"https:\/\/cyprusprimeproperty.com\/tr\/harita-basligi-ile\/","title":{"rendered":"Harita ba\u015fl\u0131\u011f\u0131 ile"},"content":{"rendered":"<style>\r\n.lwrp.link-whisper-related-posts{\r\n            \r\n            margin-top: 40px;\nmargin-bottom: 30px;\r\n        }\r\n        .lwrp .lwrp-title{\r\n            \r\n            \r\n        }.lwrp .lwrp-description{\r\n            \r\n            \r\n\r\n        }\r\n        .lwrp .lwrp-list-container{\r\n        }\r\n        .lwrp .lwrp-list-multi-container{\r\n            display: flex;\r\n        }\r\n        .lwrp .lwrp-list-double{\r\n            width: 48%;\r\n        }\r\n        .lwrp .lwrp-list-triple{\r\n            width: 32%;\r\n        }\r\n        .lwrp .lwrp-list-row-container{\r\n            display: flex;\r\n            justify-content: space-between;\r\n        }\r\n        .lwrp .lwrp-list-row-container .lwrp-list-item{\r\n            width: calc(25% - 20px);\r\n        }\r\n        .lwrp .lwrp-list-item:not(.lwrp-no-posts-message-item){\r\n            \r\n            \r\n        }\r\n        .lwrp .lwrp-list-item img{\r\n            max-width: 100%;\r\n            height: auto;\r\n            object-fit: cover;\r\n            aspect-ratio: 1 \/ 1;\r\n        }\r\n        .lwrp .lwrp-list-item.lwrp-empty-list-item{\r\n            background: initial !important;\r\n        }\r\n        .lwrp .lwrp-list-item .lwrp-list-link .lwrp-list-link-title-text,\r\n        .lwrp .lwrp-list-item .lwrp-list-no-posts-message{\r\n            \r\n            \r\n            \r\n            \r\n        }@media screen and (max-width: 480px) {\r\n            .lwrp.link-whisper-related-posts{\r\n                \r\n                \r\n            }\r\n            .lwrp .lwrp-title{\r\n                \r\n                \r\n            }.lwrp .lwrp-description{\r\n                \r\n                \r\n            }\r\n            .lwrp .lwrp-list-multi-container{\r\n                flex-direction: column;\r\n            }\r\n            .lwrp .lwrp-list-multi-container ul.lwrp-list{\r\n                margin-top: 0px;\r\n                margin-bottom: 0px;\r\n                padding-top: 0px;\r\n                padding-bottom: 0px;\r\n            }\r\n            .lwrp .lwrp-list-double,\r\n            .lwrp .lwrp-list-triple{\r\n                width: 100%;\r\n            }\r\n            .lwrp .lwrp-list-row-container{\r\n                justify-content: initial;\r\n                flex-direction: column;\r\n            }\r\n            .lwrp .lwrp-list-row-container .lwrp-list-item{\r\n                width: 100%;\r\n            }\r\n            .lwrp .lwrp-list-item:not(.lwrp-no-posts-message-item){\r\n                \r\n                \r\n            }\r\n            .lwrp .lwrp-list-item .lwrp-list-link .lwrp-list-link-title-text,\r\n            .lwrp .lwrp-list-item .lwrp-list-no-posts-message{\r\n                \r\n                \r\n                \r\n                \r\n            };\r\n        }<\/style>\r\n<div id=\"link-whisper-related-posts-widget\" class=\"link-whisper-related-posts lwrp\">\r\n            <h3 class=\"lwrp-title\">Related Posts<\/h3>    \r\n        <div class=\"lwrp-list-container\">\r\n                                            <div class=\"lwrp-list-multi-container\">\r\n                    <ul class=\"lwrp-list lwrp-list-double lwrp-list-left\">\r\n                        <li class=\"lwrp-list-item\"><a href=\"https:\/\/cyprusprimeproperty.com\/tr\/tesekkur-ederiz\/\" class=\"lwrp-list-link\"><span class=\"lwrp-list-link-title-text\">Te\u015fekk\u00fcr ederiz<\/span><\/a><\/li><li class=\"lwrp-list-item\"><a href=\"https:\/\/cyprusprimeproperty.com\/tr\/haberler-makaleler\/\" class=\"lwrp-list-link\"><span class=\"lwrp-list-link-title-text\">Haberler &amp; makaleler<\/span><\/a><\/li><li class=\"lwrp-list-item\"><a href=\"https:\/\/cyprusprimeproperty.com\/tr\/elementor-ile-ilanlar\/\" class=\"lwrp-list-link\"><span class=\"lwrp-list-link-title-text\">Elementor ile ilanlar<\/span><\/a><\/li><li class=\"lwrp-list-item\"><a href=\"https:\/\/cyprusprimeproperty.com\/tr\/ilanlar-izgarasi-v7-2-sutun\/\" class=\"lwrp-list-link\"><span class=\"lwrp-list-link-title-text\">\u0130lanlar \u0131zgaras\u0131 v7 &#8211; 2 s\u00fctun<\/span><\/a><\/li>                    <\/ul>\r\n                    <ul class=\"lwrp-list lwrp-list-double lwrp-list-right\">\r\n                        <li class=\"lwrp-list-item\"><a href=\"https:\/\/cyprusprimeproperty.com\/tr\/arama-sonuclari\/\" class=\"lwrp-list-link\"><span class=\"lwrp-list-link-title-text\">Arama sonu\u00e7lar\u0131<\/span><\/a><\/li><li class=\"lwrp-list-item\"><a href=\"https:\/\/cyprusprimeproperty.com\/tr\/yarim-harita-ile\/\" class=\"lwrp-list-link\"><span class=\"lwrp-list-link-title-text\">Yar\u0131m harita ile<\/span><\/a><\/li><li class=\"lwrp-list-item\"><a href=\"https:\/\/cyprusprimeproperty.com\/tr\/acenteler\/\" class=\"lwrp-list-link\"><span class=\"lwrp-list-link-title-text\">Acenteler<\/span><\/a><\/li><li class=\"lwrp-list-item\"><a href=\"https:\/\/cyprusprimeproperty.com\/tr\/ana-sayfa\/\" class=\"lwrp-list-link\"><span class=\"lwrp-list-link-title-text\">Ana Sayfa<\/span><\/a><\/li>                    <\/ul>\r\n                <\/div>\r\n                        <\/div>\r\n<\/div>","protected":false},"excerpt":{"rendered":"<p>Related Posts Te\u015fekk\u00fcr ederizHaberler &amp; makalelerElementor ile ilanlar\u0130lanlar \u0131zgaras\u0131 v7 &#8211; 2 s\u00fctun Arama sonu\u00e7lar\u0131Yar\u0131m harita ileAcentelerAna Sayfa<\/p>\n","protected":false},"author":1,"featured_media":0,"parent":0,"menu_order":0,"comment_status":"closed","ping_status":"closed","template":"template\/template-listing-grid-v1.php","meta":{"footnotes":""},"class_list":["post-19122","page","type-page","status-publish","hentry"],"_links":{"self":[{"href":"https:\/\/cyprusprimeproperty.com\/tr\/wp-json\/wp\/v2\/pages\/19122","targetHints":{"allow":["GET"]}}],"collection":[{"href":"https:\/\/cyprusprimeproperty.com\/tr\/wp-json\/wp\/v2\/pages"}],"about":[{"href":"https:\/\/cyprusprimeproperty.com\/tr\/wp-json\/wp\/v2\/types\/page"}],"author":[{"embeddable":true,"href":"https:\/\/cyprusprimeproperty.com\/tr\/wp-json\/wp\/v2\/users\/1"}],"replies":[{"embeddable":true,"href":"https:\/\/cyprusprimeproperty.com\/tr\/wp-json\/wp\/v2\/comments?post=19122"}],"version-history":[{"count":0,"href":"https:\/\/cyprusprimeproperty.com\/tr\/wp-json\/wp\/v2\/pages\/19122\/revisions"}],"wp:attachment":[{"href":"https:\/\/cyprusprimeproperty.com\/tr\/wp-json\/wp\/v2\/media?parent=19122"}],"curies":[{"name":"wp","href":"https:\/\/api.w.org\/{rel}","templated":true}]}}