{"id":19144,"date":"2016-08-17T21:05:28","date_gmt":"2016-08-17T19:05:28","guid":{"rendered":"https:\/\/cyprusprimeproperty.com\/mulkleri-karsilastir\/"},"modified":"2016-08-17T21:05:28","modified_gmt":"2016-08-17T19:05:28","slug":"mulkleri-karsilastir","status":"publish","type":"page","link":"https:\/\/cyprusprimeproperty.com\/tr\/mulkleri-karsilastir\/","title":{"rendered":"M\u00fclkleri kar\u015f\u0131la\u015ft\u0131r"},"content":{"rendered":"<style>\r\n.lwrp.link-whisper-related-posts{\r\n            \r\n            margin-top: 40px;\nmargin-bottom: 30px;\r\n        }\r\n        .lwrp .lwrp-title{\r\n            \r\n            \r\n        }.lwrp .lwrp-description{\r\n            \r\n            \r\n\r\n        }\r\n        .lwrp .lwrp-list-container{\r\n        }\r\n        .lwrp .lwrp-list-multi-container{\r\n            display: flex;\r\n        }\r\n        .lwrp .lwrp-list-double{\r\n            width: 48%;\r\n        }\r\n        .lwrp .lwrp-list-triple{\r\n            width: 32%;\r\n        }\r\n        .lwrp .lwrp-list-row-container{\r\n            display: flex;\r\n            justify-content: space-between;\r\n        }\r\n        .lwrp .lwrp-list-row-container .lwrp-list-item{\r\n            width: calc(25% - 20px);\r\n        }\r\n        .lwrp .lwrp-list-item:not(.lwrp-no-posts-message-item){\r\n            \r\n            \r\n        }\r\n        .lwrp .lwrp-list-item img{\r\n            max-width: 100%;\r\n            height: auto;\r\n            object-fit: cover;\r\n            aspect-ratio: 1 \/ 1;\r\n        }\r\n        .lwrp .lwrp-list-item.lwrp-empty-list-item{\r\n            background: initial !important;\r\n        }\r\n        .lwrp .lwrp-list-item .lwrp-list-link .lwrp-list-link-title-text,\r\n        .lwrp .lwrp-list-item .lwrp-list-no-posts-message{\r\n            \r\n            \r\n            \r\n            \r\n        }@media screen and (max-width: 480px) {\r\n            .lwrp.link-whisper-related-posts{\r\n                \r\n                \r\n            }\r\n            .lwrp .lwrp-title{\r\n                \r\n                \r\n            }.lwrp .lwrp-description{\r\n                \r\n                \r\n            }\r\n            .lwrp .lwrp-list-multi-container{\r\n                flex-direction: column;\r\n            }\r\n            .lwrp .lwrp-list-multi-container ul.lwrp-list{\r\n                margin-top: 0px;\r\n                margin-bottom: 0px;\r\n                padding-top: 0px;\r\n                padding-bottom: 0px;\r\n            }\r\n            .lwrp .lwrp-list-double,\r\n            .lwrp .lwrp-list-triple{\r\n                width: 100%;\r\n            }\r\n            .lwrp .lwrp-list-row-container{\r\n                justify-content: initial;\r\n                flex-direction: column;\r\n            }\r\n            .lwrp .lwrp-list-row-container .lwrp-list-item{\r\n                width: 100%;\r\n            }\r\n            .lwrp .lwrp-list-item:not(.lwrp-no-posts-message-item){\r\n                \r\n                \r\n            }\r\n            .lwrp .lwrp-list-item .lwrp-list-link .lwrp-list-link-title-text,\r\n            .lwrp .lwrp-list-item .lwrp-list-no-posts-message{\r\n                \r\n                \r\n                \r\n                \r\n            };\r\n        }<\/style>\r\n<div id=\"link-whisper-related-posts-widget\" class=\"link-whisper-related-posts lwrp\">\r\n            <h3 class=\"lwrp-title\">Related Posts<\/h3>    \r\n        <div class=\"lwrp-list-container\">\r\n                                            <div class=\"lwrp-list-multi-container\">\r\n                    <ul class=\"lwrp-list lwrp-list-double lwrp-list-left\">\r\n                        <li class=\"lwrp-list-item\"><a href=\"https:\/\/cyprusprimeproperty.com\/tr\/ilanlar-izgarasi-v7-tam-genislik\/\" class=\"lwrp-list-link\"><span class=\"lwrp-list-link-title-text\">\u0130lanlar \u0131zgaras\u0131 v7 tam geni\u015flik<\/span><\/a><\/li><li class=\"lwrp-list-item\"><a href=\"https:\/\/cyprusprimeproperty.com\/tr\/ana-sayfa-yan-arama\/\" class=\"lwrp-list-link\"><span class=\"lwrp-list-link-title-text\">Ana Sayfa Yan Arama<\/span><\/a><\/li><li class=\"lwrp-list-item\"><a href=\"https:\/\/cyprusprimeproperty.com\/tr\/cerez-politikasi\/\" class=\"lwrp-list-link\"><span class=\"lwrp-list-link-title-text\">\u00c7erez politikas\u0131<\/span><\/a><\/li><li class=\"lwrp-list-item\"><a href=\"https:\/\/cyprusprimeproperty.com\/tr\/kullanici-paneli-2\/\" class=\"lwrp-list-link\"><span class=\"lwrp-list-link-title-text\">Kullan\u0131c\u0131 paneli<\/span><\/a><\/li>                    <\/ul>\r\n                    <ul class=\"lwrp-list lwrp-list-double lwrp-list-right\">\r\n                        <li class=\"lwrp-list-item\"><a href=\"https:\/\/cyprusprimeproperty.com\/tr\/tipografi\/\" class=\"lwrp-list-link\"><span class=\"lwrp-list-link-title-text\">Tipografi<\/span><\/a><\/li><li class=\"lwrp-list-item\"><a href=\"https:\/\/cyprusprimeproperty.com\/tr\/paketler\/\" class=\"lwrp-list-link\"><span class=\"lwrp-list-link-title-text\">Paketler<\/span><\/a><\/li><li class=\"lwrp-list-item\"><a href=\"https:\/\/cyprusprimeproperty.com\/tr\/emlakcilar\/\" class=\"lwrp-list-link\"><span class=\"lwrp-list-link-title-text\">Emlak\u00e7\u0131lar<\/span><\/a><\/li><li class=\"lwrp-list-item\"><a href=\"https:\/\/cyprusprimeproperty.com\/tr\/siparisi-tamamlayiniz\/\" class=\"lwrp-list-link\"><span class=\"lwrp-list-link-title-text\">Sipari\u015fi tamamlay\u0131n\u0131z<\/span><\/a><\/li>                    <\/ul>\r\n                <\/div>\r\n                        <\/div>\r\n<\/div>","protected":false},"excerpt":{"rendered":"<p>Related Posts \u0130lanlar \u0131zgaras\u0131 v7 tam geni\u015flikAna Sayfa Yan Arama\u00c7erez politikas\u0131Kullan\u0131c\u0131 paneli TipografiPaketlerEmlak\u00e7\u0131larSipari\u015fi tamamlay\u0131n\u0131z<\/p>\n","protected":false},"author":1,"featured_media":0,"parent":0,"menu_order":0,"comment_status":"closed","ping_status":"closed","template":"template\/template-compare.php","meta":{"footnotes":""},"class_list":["post-19144","page","type-page","status-publish","hentry"],"_links":{"self":[{"href":"https:\/\/cyprusprimeproperty.com\/tr\/wp-json\/wp\/v2\/pages\/19144","targetHints":{"allow":["GET"]}}],"collection":[{"href":"https:\/\/cyprusprimeproperty.com\/tr\/wp-json\/wp\/v2\/pages"}],"about":[{"href":"https:\/\/cyprusprimeproperty.com\/tr\/wp-json\/wp\/v2\/types\/page"}],"author":[{"embeddable":true,"href":"https:\/\/cyprusprimeproperty.com\/tr\/wp-json\/wp\/v2\/users\/1"}],"replies":[{"embeddable":true,"href":"https:\/\/cyprusprimeproperty.com\/tr\/wp-json\/wp\/v2\/comments?post=19144"}],"version-history":[{"count":0,"href":"https:\/\/cyprusprimeproperty.com\/tr\/wp-json\/wp\/v2\/pages\/19144\/revisions"}],"wp:attachment":[{"href":"https:\/\/cyprusprimeproperty.com\/tr\/wp-json\/wp\/v2\/media?parent=19144"}],"curies":[{"name":"wp","href":"https:\/\/api.w.org\/{rel}","templated":true}]}}