{"id":19180,"date":"2023-02-28T21:07:17","date_gmt":"2023-02-28T20:07:17","guid":{"rendered":"https:\/\/cyprusprimeproperty.com\/ilanlar-izgarasi-v7-2-sutun\/"},"modified":"2023-02-28T21:07:17","modified_gmt":"2023-02-28T20:07:17","slug":"ilanlar-izgarasi-v7-2-sutun","status":"publish","type":"page","link":"https:\/\/cyprusprimeproperty.com\/tr\/ilanlar-izgarasi-v7-2-sutun\/","title":{"rendered":"\u0130lanlar \u0131zgaras\u0131 v7 &#8211; 2 s\u00fctun"},"content":{"rendered":"<style>\r\n.lwrp.link-whisper-related-posts{\r\n            \r\n            margin-top: 40px;\nmargin-bottom: 30px;\r\n        }\r\n        .lwrp .lwrp-title{\r\n            \r\n            \r\n        }.lwrp .lwrp-description{\r\n            \r\n            \r\n\r\n        }\r\n        .lwrp .lwrp-list-container{\r\n        }\r\n        .lwrp .lwrp-list-multi-container{\r\n            display: flex;\r\n        }\r\n        .lwrp .lwrp-list-double{\r\n            width: 48%;\r\n        }\r\n        .lwrp .lwrp-list-triple{\r\n            width: 32%;\r\n        }\r\n        .lwrp .lwrp-list-row-container{\r\n            display: flex;\r\n            justify-content: space-between;\r\n        }\r\n        .lwrp .lwrp-list-row-container .lwrp-list-item{\r\n            width: calc(25% - 20px);\r\n        }\r\n        .lwrp .lwrp-list-item:not(.lwrp-no-posts-message-item){\r\n            \r\n            \r\n        }\r\n        .lwrp .lwrp-list-item img{\r\n            max-width: 100%;\r\n            height: auto;\r\n            object-fit: cover;\r\n            aspect-ratio: 1 \/ 1;\r\n        }\r\n        .lwrp .lwrp-list-item.lwrp-empty-list-item{\r\n            background: initial !important;\r\n        }\r\n        .lwrp .lwrp-list-item .lwrp-list-link .lwrp-list-link-title-text,\r\n        .lwrp .lwrp-list-item .lwrp-list-no-posts-message{\r\n            \r\n            \r\n            \r\n            \r\n        }@media screen and (max-width: 480px) {\r\n            .lwrp.link-whisper-related-posts{\r\n                \r\n                \r\n            }\r\n            .lwrp .lwrp-title{\r\n                \r\n                \r\n            }.lwrp .lwrp-description{\r\n                \r\n                \r\n            }\r\n            .lwrp .lwrp-list-multi-container{\r\n                flex-direction: column;\r\n            }\r\n            .lwrp .lwrp-list-multi-container ul.lwrp-list{\r\n                margin-top: 0px;\r\n                margin-bottom: 0px;\r\n                padding-top: 0px;\r\n                padding-bottom: 0px;\r\n            }\r\n            .lwrp .lwrp-list-double,\r\n            .lwrp .lwrp-list-triple{\r\n                width: 100%;\r\n            }\r\n            .lwrp .lwrp-list-row-container{\r\n                justify-content: initial;\r\n                flex-direction: column;\r\n            }\r\n            .lwrp .lwrp-list-row-container .lwrp-list-item{\r\n                width: 100%;\r\n            }\r\n            .lwrp .lwrp-list-item:not(.lwrp-no-posts-message-item){\r\n                \r\n                \r\n            }\r\n            .lwrp .lwrp-list-item .lwrp-list-link .lwrp-list-link-title-text,\r\n            .lwrp .lwrp-list-item .lwrp-list-no-posts-message{\r\n                \r\n                \r\n                \r\n                \r\n            };\r\n        }<\/style>\r\n<div id=\"link-whisper-related-posts-widget\" class=\"link-whisper-related-posts lwrp\">\r\n            <h3 class=\"lwrp-title\">Related Posts<\/h3>    \r\n        <div class=\"lwrp-list-container\">\r\n                                            <div class=\"lwrp-list-multi-container\">\r\n                    <ul class=\"lwrp-list lwrp-list-double lwrp-list-left\">\r\n                        <li class=\"lwrp-list-item\"><a href=\"https:\/\/cyprusprimeproperty.com\/tr\/izgara-varsayilani\/\" class=\"lwrp-list-link\"><span class=\"lwrp-list-link-title-text\">Izgara varsay\u0131lan\u0131<\/span><\/a><\/li><li class=\"lwrp-list-item\"><a href=\"https:\/\/cyprusprimeproperty.com\/tr\/video-ile-ev\/\" class=\"lwrp-list-link\"><span class=\"lwrp-list-link-title-text\">Video ile ev<\/span><\/a><\/li><li class=\"lwrp-list-item\"><a href=\"https:\/\/cyprusprimeproperty.com\/tr\/liste-duzeni-tam-genislik\/\" class=\"lwrp-list-link\"><span class=\"lwrp-list-link-title-text\">Liste d\u00fczeni tam geni\u015flik<\/span><\/a><\/li><li class=\"lwrp-list-item\"><a href=\"https:\/\/cyprusprimeproperty.com\/tr\/tipografi\/\" class=\"lwrp-list-link\"><span class=\"lwrp-list-link-title-text\">Tipografi<\/span><\/a><\/li>                    <\/ul>\r\n                    <ul class=\"lwrp-list lwrp-list-double lwrp-list-right\">\r\n                        <li class=\"lwrp-list-item\"><a href=\"https:\/\/cyprusprimeproperty.com\/tr\/yasam-tarzi-ve-yasam-ust-kategori\/8-guvenlik-istikrar-ve-misafirperverlik-kuzey-kibris-neden-akdenizin-en-huzurlu-yeridir\/\" class=\"lwrp-list-link\"><span class=\"lwrp-list-link-title-text\">G\u00fcvenlik, istikrar ve misafirperverlik: Kuzey K\u0131br\u0131s neden Akdeniz&#8217;in en huzurlu yeridir<\/span><\/a><\/li><li class=\"lwrp-list-item\"><a href=\"https:\/\/cyprusprimeproperty.com\/tr\/uncategorized-tr\/gayrimenkul-sektoru-ve-rakipler\/\" class=\"lwrp-list-link\"><span class=\"lwrp-list-link-title-text\">Gayrimenkul sekt\u00f6r\u00fc ve rakipler<\/span><\/a><\/li><li class=\"lwrp-list-item\"><a href=\"https:\/\/cyprusprimeproperty.com\/tr\/sekmelerle\/\" class=\"lwrp-list-link\"><span class=\"lwrp-list-link-title-text\">Sekmelerle<\/span><\/a><\/li><li class=\"lwrp-list-item\"><a href=\"https:\/\/cyprusprimeproperty.com\/tr\/uncategorized-tr\/bilmeniz-gereken-10-sey-nakit-kripto-veya-euro-kuzey-kibrista-her-yatirimci-neden-hos-karsilanir\/\" class=\"lwrp-list-link\"><span class=\"lwrp-list-link-title-text\">Bilmeniz gereken 10 \u015fey &#8211; Nakit, kripto veya euro: Kuzey K\u0131br\u0131s&#8217;ta her yat\u0131r\u0131mc\u0131 neden ho\u015f kar\u015f\u0131lan\u0131r<\/span><\/a><\/li>                    <\/ul>\r\n                <\/div>\r\n                        <\/div>\r\n<\/div>","protected":false},"excerpt":{"rendered":"<p>Related Posts Izgara varsay\u0131lan\u0131Video ile evListe d\u00fczeni tam geni\u015flikTipografi G\u00fcvenlik, istikrar ve misafirperverlik: Kuzey K\u0131br\u0131s neden Akdeniz&#8217;in en huzurlu yeridirGayrimenkul sekt\u00f6r\u00fc ve rakiplerSekmelerleBilmeniz gereken 10 \u015fey &#8211; Nakit, kripto veya euro: Kuzey K\u0131br\u0131s&#8217;ta her yat\u0131r\u0131mc\u0131 neden ho\u015f kar\u015f\u0131lan\u0131r<\/p>\n","protected":false},"author":1,"featured_media":0,"parent":0,"menu_order":0,"comment_status":"closed","ping_status":"closed","template":"template\/template-listing-grid-v7-fullwidth-2cols.php","meta":{"footnotes":""},"class_list":["post-19180","page","type-page","status-publish","hentry"],"_links":{"self":[{"href":"https:\/\/cyprusprimeproperty.com\/tr\/wp-json\/wp\/v2\/pages\/19180","targetHints":{"allow":["GET"]}}],"collection":[{"href":"https:\/\/cyprusprimeproperty.com\/tr\/wp-json\/wp\/v2\/pages"}],"about":[{"href":"https:\/\/cyprusprimeproperty.com\/tr\/wp-json\/wp\/v2\/types\/page"}],"author":[{"embeddable":true,"href":"https:\/\/cyprusprimeproperty.com\/tr\/wp-json\/wp\/v2\/users\/1"}],"replies":[{"embeddable":true,"href":"https:\/\/cyprusprimeproperty.com\/tr\/wp-json\/wp\/v2\/comments?post=19180"}],"version-history":[{"count":0,"href":"https:\/\/cyprusprimeproperty.com\/tr\/wp-json\/wp\/v2\/pages\/19180\/revisions"}],"wp:attachment":[{"href":"https:\/\/cyprusprimeproperty.com\/tr\/wp-json\/wp\/v2\/media?parent=19180"}],"curies":[{"name":"wp","href":"https:\/\/api.w.org\/{rel}","templated":true}]}}