{"id":19182,"date":"2023-01-05T17:21:10","date_gmt":"2023-01-05T16:21:10","guid":{"rendered":"https:\/\/cyprusprimeproperty.com\/test\/"},"modified":"2023-01-05T17:21:10","modified_gmt":"2023-01-05T16:21:10","slug":"test","status":"publish","type":"page","link":"https:\/\/cyprusprimeproperty.com\/tr\/test\/","title":{"rendered":"Test"},"content":{"rendered":"<style>\r\n.lwrp.link-whisper-related-posts{\r\n            \r\n            margin-top: 40px;\nmargin-bottom: 30px;\r\n        }\r\n        .lwrp .lwrp-title{\r\n            \r\n            \r\n        }.lwrp .lwrp-description{\r\n            \r\n            \r\n\r\n        }\r\n        .lwrp .lwrp-list-container{\r\n        }\r\n        .lwrp .lwrp-list-multi-container{\r\n            display: flex;\r\n        }\r\n        .lwrp .lwrp-list-double{\r\n            width: 48%;\r\n        }\r\n        .lwrp .lwrp-list-triple{\r\n            width: 32%;\r\n        }\r\n        .lwrp .lwrp-list-row-container{\r\n            display: flex;\r\n            justify-content: space-between;\r\n        }\r\n        .lwrp .lwrp-list-row-container .lwrp-list-item{\r\n            width: calc(25% - 20px);\r\n        }\r\n        .lwrp .lwrp-list-item:not(.lwrp-no-posts-message-item){\r\n            \r\n            \r\n        }\r\n        .lwrp .lwrp-list-item img{\r\n            max-width: 100%;\r\n            height: auto;\r\n            object-fit: cover;\r\n            aspect-ratio: 1 \/ 1;\r\n        }\r\n        .lwrp .lwrp-list-item.lwrp-empty-list-item{\r\n            background: initial !important;\r\n        }\r\n        .lwrp .lwrp-list-item .lwrp-list-link .lwrp-list-link-title-text,\r\n        .lwrp .lwrp-list-item .lwrp-list-no-posts-message{\r\n            \r\n            \r\n            \r\n            \r\n        }@media screen and (max-width: 480px) {\r\n            .lwrp.link-whisper-related-posts{\r\n                \r\n                \r\n            }\r\n            .lwrp .lwrp-title{\r\n                \r\n                \r\n            }.lwrp .lwrp-description{\r\n                \r\n                \r\n            }\r\n            .lwrp .lwrp-list-multi-container{\r\n                flex-direction: column;\r\n            }\r\n            .lwrp .lwrp-list-multi-container ul.lwrp-list{\r\n                margin-top: 0px;\r\n                margin-bottom: 0px;\r\n                padding-top: 0px;\r\n                padding-bottom: 0px;\r\n            }\r\n            .lwrp .lwrp-list-double,\r\n            .lwrp .lwrp-list-triple{\r\n                width: 100%;\r\n            }\r\n            .lwrp .lwrp-list-row-container{\r\n                justify-content: initial;\r\n                flex-direction: column;\r\n            }\r\n            .lwrp .lwrp-list-row-container .lwrp-list-item{\r\n                width: 100%;\r\n            }\r\n            .lwrp .lwrp-list-item:not(.lwrp-no-posts-message-item){\r\n                \r\n                \r\n            }\r\n            .lwrp .lwrp-list-item .lwrp-list-link .lwrp-list-link-title-text,\r\n            .lwrp .lwrp-list-item .lwrp-list-no-posts-message{\r\n                \r\n                \r\n                \r\n                \r\n            };\r\n        }<\/style>\r\n<div id=\"link-whisper-related-posts-widget\" class=\"link-whisper-related-posts lwrp\">\r\n            <h3 class=\"lwrp-title\">Related Posts<\/h3>    \r\n        <div class=\"lwrp-list-container\">\r\n                                            <div class=\"lwrp-list-multi-container\">\r\n                    <ul class=\"lwrp-list lwrp-list-double lwrp-list-left\">\r\n                        <li class=\"lwrp-list-item\"><a href=\"https:\/\/cyprusprimeproperty.com\/tr\/yasam-tarzi-ve-yasam-ust-kategori\/baskalarinin-tatil-yaptigi-yerde-yasayin-kuzey-kibrista-340-gun-gunes-ve-akdeniz-yasam-tarzi\/\" class=\"lwrp-list-link\"><span class=\"lwrp-list-link-title-text\">Ba\u015fkalar\u0131n\u0131n tatil yapt\u0131\u011f\u0131 yerde ya\u015fay\u0131n: Kuzey K\u0131br\u0131s&#8217;ta 340 g\u00fcn g\u00fcne\u015f ve Akdeniz ya\u015fam tarz\u0131<\/span><\/a><\/li><li class=\"lwrp-list-item\"><a href=\"https:\/\/cyprusprimeproperty.com\/tr\/cpp\/dunun-haberi-dubai-kuzey-kibris-akilli-gayrimenkul-yatirimcilari-icin-yeni-cennet\/\" class=\"lwrp-list-link\"><span class=\"lwrp-list-link-title-text\">Kuzey K\u0131br\u0131s ve Dubai Kar\u015f\u0131la\u015ft\u0131rmas\u0131: Ak\u0131ll\u0131 Yat\u0131r\u0131mc\u0131lar Neden Avrupa&#8217;n\u0131n Gizli Gayrimenkul Cennetine Y\u00f6neliyor<\/span><\/a><\/li><li class=\"lwrp-list-item\"><a href=\"https:\/\/cyprusprimeproperty.com\/tr\/yasam-tarzi-ve-yasam-ust-kategori\/avrupanin-merkezi-ab-kisitlamalari-olmadan-kuzey-kibrista-mukemmel-denge\/\" class=\"lwrp-list-link\"><span class=\"lwrp-list-link-title-text\">Avrupa&#8217;n\u0131n Merkezi\u2014AB k\u0131s\u0131tlamalar\u0131 olmadan: Kuzey K\u0131br\u0131s&#8217;ta m\u00fckemmel denge<\/span><\/a><\/li><li class=\"lwrp-list-item\"><a href=\"https:\/\/cyprusprimeproperty.com\/tr\/yasam-tarzi-ve-yasam-ust-kategori\/8-guvenlik-istikrar-ve-misafirperverlik-kuzey-kibris-neden-akdenizin-en-huzurlu-yeridir\/\" class=\"lwrp-list-link\"><span class=\"lwrp-list-link-title-text\">G\u00fcvenlik, istikrar ve misafirperverlik: Kuzey K\u0131br\u0131s neden Akdeniz&#8217;in en huzurlu yeridir<\/span><\/a><\/li>                    <\/ul>\r\n                    <ul class=\"lwrp-list lwrp-list-double lwrp-list-right\">\r\n                        <li class=\"lwrp-list-item\"><a href=\"https:\/\/cyprusprimeproperty.com\/tr\/icerik-ustte\/\" class=\"lwrp-list-link\"><span class=\"lwrp-list-link-title-text\">\u0130\u00e7erik \u00fcstte<\/span><\/a><\/li><li class=\"lwrp-list-item\"><a href=\"https:\/\/cyprusprimeproperty.com\/tr\/uncategorized-tr\/10-yuksek-getiriler-ve-sermaye-artisi-simdi-yatirim-yapmanin-en-iyi-zamani-neden\/\" class=\"lwrp-list-link\"><span class=\"lwrp-list-link-title-text\">Y\u00fcksek getiri ve sermaye art\u0131\u015f\u0131: neden \u015fimdi yat\u0131r\u0131m yapman\u0131n en iyi zaman\u0131<\/span><\/a><\/li><li class=\"lwrp-list-item\"><a href=\"https:\/\/cyprusprimeproperty.com\/tr\/izgara-olusturucu\/\" class=\"lwrp-list-link\"><span class=\"lwrp-list-link-title-text\">Izgara olu\u015fturucu<\/span><\/a><\/li><li class=\"lwrp-list-item\"><a href=\"https:\/\/cyprusprimeproperty.com\/tr\/tam-genislik-4-sutunlu-izgara\/\" class=\"lwrp-list-link\"><span class=\"lwrp-list-link-title-text\">Kuzey K\u0131br\u0131s&#8217;\u0131n en se\u00e7kin gayrimenkul f\u0131rsatlar\u0131n\u0131 ke\u015ffediniz<\/span><\/a><\/li>                    <\/ul>\r\n                <\/div>\r\n                        <\/div>\r\n<\/div>","protected":false},"excerpt":{"rendered":"<p>Related Posts Ba\u015fkalar\u0131n\u0131n tatil yapt\u0131\u011f\u0131 yerde ya\u015fay\u0131n: Kuzey K\u0131br\u0131s&#8217;ta 340 g\u00fcn g\u00fcne\u015f ve Akdeniz ya\u015fam tarz\u0131Kuzey K\u0131br\u0131s ve Dubai Kar\u015f\u0131la\u015ft\u0131rmas\u0131: Ak\u0131ll\u0131 Yat\u0131r\u0131mc\u0131lar Neden Avrupa&#8217;n\u0131n Gizli Gayrimenkul Cennetine Y\u00f6neliyorAvrupa&#8217;n\u0131n Merkezi\u2014AB k\u0131s\u0131tlamalar\u0131 olmadan: Kuzey K\u0131br\u0131s&#8217;ta m\u00fckemmel dengeG\u00fcvenlik, istikrar ve misafirperverlik: Kuzey K\u0131br\u0131s neden Akdeniz&#8217;in en huzurlu yeridir \u0130\u00e7erik \u00fcstteY\u00fcksek getiri ve sermaye art\u0131\u015f\u0131: neden \u015fimdi yat\u0131r\u0131m yapman\u0131n [&hellip;]<\/p>\n","protected":false},"author":1,"featured_media":0,"parent":0,"menu_order":0,"comment_status":"closed","ping_status":"closed","template":"template\/test.php","meta":{"footnotes":""},"class_list":["post-19182","page","type-page","status-publish","hentry"],"_links":{"self":[{"href":"https:\/\/cyprusprimeproperty.com\/tr\/wp-json\/wp\/v2\/pages\/19182","targetHints":{"allow":["GET"]}}],"collection":[{"href":"https:\/\/cyprusprimeproperty.com\/tr\/wp-json\/wp\/v2\/pages"}],"about":[{"href":"https:\/\/cyprusprimeproperty.com\/tr\/wp-json\/wp\/v2\/types\/page"}],"author":[{"embeddable":true,"href":"https:\/\/cyprusprimeproperty.com\/tr\/wp-json\/wp\/v2\/users\/1"}],"replies":[{"embeddable":true,"href":"https:\/\/cyprusprimeproperty.com\/tr\/wp-json\/wp\/v2\/comments?post=19182"}],"version-history":[{"count":0,"href":"https:\/\/cyprusprimeproperty.com\/tr\/wp-json\/wp\/v2\/pages\/19182\/revisions"}],"wp:attachment":[{"href":"https:\/\/cyprusprimeproperty.com\/tr\/wp-json\/wp\/v2\/media?parent=19182"}],"curies":[{"name":"wp","href":"https:\/\/api.w.org\/{rel}","templated":true}]}}