{"id":19184,"date":"2020-04-06T14:39:49","date_gmt":"2020-04-06T12:39:49","guid":{"rendered":"https:\/\/cyprusprimeproperty.com\/izgara-olusturucu\/"},"modified":"2025-10-14T13:35:32","modified_gmt":"2025-10-14T11:35:32","slug":"izgara-olusturucu","status":"publish","type":"page","link":"https:\/\/cyprusprimeproperty.com\/tr\/izgara-olusturucu\/","title":{"rendered":"Izgara olu\u015fturucu"},"content":{"rendered":"\t\t<div data-elementor-type=\"wp-page\" data-elementor-id=\"19184\" class=\"elementor elementor-19184 elementor-17424\" data-elementor-post-type=\"page\">\n\t\t\t\t\t\t<section class=\"elementor-section elementor-top-section elementor-element elementor-element-d6a44ff elementor-section-boxed elementor-section-height-default elementor-section-height-default\" data-id=\"d6a44ff\" data-element_type=\"section\" data-e-type=\"section\">\n\t\t\t\t\t\t<div class=\"elementor-container elementor-column-gap-default\">\n\t\t\t\t\t<div class=\"elementor-column elementor-col-100 elementor-top-column elementor-element elementor-element-c0f5c47\" data-id=\"c0f5c47\" data-element_type=\"column\" data-e-type=\"column\">\n\t\t\t<div class=\"elementor-widget-wrap elementor-element-populated\">\n\t\t\t\t\t\t<section class=\"elementor-section elementor-inner-section elementor-element elementor-element-631bf8e elementor-section-boxed elementor-section-height-default elementor-section-height-default\" data-id=\"631bf8e\" data-element_type=\"section\" data-e-type=\"section\">\n\t\t\t\t\t\t<div class=\"elementor-container elementor-column-gap-default\">\n\t\t\t\t\t<div class=\"elementor-column elementor-col-33 elementor-inner-column elementor-element elementor-element-9543d06\" data-id=\"9543d06\" data-element_type=\"column\" data-e-type=\"column\">\n\t\t\t<div class=\"elementor-widget-wrap elementor-element-populated\">\n\t\t\t\t\t\t<div class=\"elementor-element elementor-element-b9bc5ee elementor-widget elementor-widget-Houzez_elementor_grid_builder\" data-id=\"b9bc5ee\" data-element_type=\"widget\" data-e-type=\"widget\" data-widget_type=\"Houzez_elementor_grid_builder.default\">\n\t\t\t\t<div class=\"elementor-widget-container\">\n\t\t\t\t\t\n        <div class=\"grid-item  grid-item-v2\" data-ratio=\"square\" style=\"background-image: url(https:\/\/cyprusprimeproperty.com\/wp-includes\/images\/media\/default.svg)\">\n            <a class=\"grid-item-link hover-effect-flat\"  href=\"https:\/\/cyprusprimeproperty.com\/tr\/property-type\/daire\/\">\n                <div class=\"grid-item-text-wrap d-flex flex-column justify-content-between w-100 h-100\">\n                    <div class=\"d-flex flex-column\">\n                                                <div class=\"grid-item-subtitle mb-1\">8 Properties<\/div>\n                        \n                                                <div class=\"grid-item-title\">Daire<\/div>\n                                            <\/div>\n                    \n                                        <div class=\"d-flex align-items-center justify-content-between\">\n                        <div class=\"grid-item-text-link\">Daha fazla detay<\/div>\n                        <div class=\"grid-item-icon\">\n                            <i class=\"houzez-icon icon-arrow-button-right-2\"><\/i>\n                        <\/div>\n                    <\/div>\n                                    <\/div><!-- taxonomy-text-wrap -->\n            <\/a>\n        <\/div>\n        \n        \t\t\t\t<\/div>\n\t\t\t\t<\/div>\n\t\t\t\t\t<\/div>\n\t\t<\/div>\n\t\t\t\t<div class=\"elementor-column elementor-col-33 elementor-inner-column elementor-element elementor-element-99d234b\" data-id=\"99d234b\" data-element_type=\"column\" data-e-type=\"column\">\n\t\t\t<div class=\"elementor-widget-wrap\">\n\t\t\t\t\t\t\t<\/div>\n\t\t<\/div>\n\t\t\t\t<div class=\"elementor-column elementor-col-33 elementor-inner-column elementor-element elementor-element-50e08f4\" data-id=\"50e08f4\" data-element_type=\"column\" data-e-type=\"column\">\n\t\t\t<div class=\"elementor-widget-wrap\">\n\t\t\t\t\t\t\t<\/div>\n\t\t<\/div>\n\t\t\t\t\t<\/div>\n\t\t<\/section>\n\t\t\t\t\t<\/div>\n\t\t<\/div>\n\t\t\t\t\t<\/div>\n\t\t<\/section>\n\t\t\t\t<\/div>\n\t\t<style>\r\n.lwrp.link-whisper-related-posts{\r\n            \r\n            margin-top: 40px;\nmargin-bottom: 30px;\r\n        }\r\n        .lwrp .lwrp-title{\r\n            \r\n            \r\n        }.lwrp .lwrp-description{\r\n            \r\n            \r\n\r\n        }\r\n        .lwrp .lwrp-list-container{\r\n        }\r\n        .lwrp .lwrp-list-multi-container{\r\n            display: flex;\r\n        }\r\n        .lwrp .lwrp-list-double{\r\n            width: 48%;\r\n        }\r\n        .lwrp .lwrp-list-triple{\r\n            width: 32%;\r\n        }\r\n        .lwrp .lwrp-list-row-container{\r\n            display: flex;\r\n            justify-content: space-between;\r\n        }\r\n        .lwrp .lwrp-list-row-container .lwrp-list-item{\r\n            width: calc(25% - 20px);\r\n        }\r\n        .lwrp .lwrp-list-item:not(.lwrp-no-posts-message-item){\r\n            \r\n            \r\n        }\r\n        .lwrp .lwrp-list-item img{\r\n            max-width: 100%;\r\n            height: auto;\r\n            object-fit: cover;\r\n            aspect-ratio: 1 \/ 1;\r\n        }\r\n        .lwrp .lwrp-list-item.lwrp-empty-list-item{\r\n            background: initial !important;\r\n        }\r\n        .lwrp .lwrp-list-item .lwrp-list-link .lwrp-list-link-title-text,\r\n        .lwrp .lwrp-list-item .lwrp-list-no-posts-message{\r\n            \r\n            \r\n            \r\n            \r\n        }@media screen and (max-width: 480px) {\r\n            .lwrp.link-whisper-related-posts{\r\n                \r\n                \r\n            }\r\n            .lwrp .lwrp-title{\r\n                \r\n                \r\n            }.lwrp .lwrp-description{\r\n                \r\n                \r\n            }\r\n            .lwrp .lwrp-list-multi-container{\r\n                flex-direction: column;\r\n            }\r\n            .lwrp .lwrp-list-multi-container ul.lwrp-list{\r\n                margin-top: 0px;\r\n                margin-bottom: 0px;\r\n                padding-top: 0px;\r\n                padding-bottom: 0px;\r\n            }\r\n            .lwrp .lwrp-list-double,\r\n            .lwrp .lwrp-list-triple{\r\n                width: 100%;\r\n            }\r\n            .lwrp .lwrp-list-row-container{\r\n                justify-content: initial;\r\n                flex-direction: column;\r\n            }\r\n            .lwrp .lwrp-list-row-container .lwrp-list-item{\r\n                width: 100%;\r\n            }\r\n            .lwrp .lwrp-list-item:not(.lwrp-no-posts-message-item){\r\n                \r\n                \r\n            }\r\n            .lwrp .lwrp-list-item .lwrp-list-link .lwrp-list-link-title-text,\r\n            .lwrp .lwrp-list-item .lwrp-list-no-posts-message{\r\n                \r\n                \r\n                \r\n                \r\n            };\r\n        }<\/style>\r\n<div id=\"link-whisper-related-posts-widget\" class=\"link-whisper-related-posts lwrp\">\r\n            <h3 class=\"lwrp-title\">Related Posts<\/h3>    \r\n        <div class=\"lwrp-list-container\">\r\n                                            <div class=\"lwrp-list-multi-container\">\r\n                    <ul class=\"lwrp-list lwrp-list-double lwrp-list-left\">\r\n                        <li class=\"lwrp-list-item\"><a href=\"https:\/\/cyprusprimeproperty.com\/tr\/profilim\/\" class=\"lwrp-list-link\"><span class=\"lwrp-list-link-title-text\">Profilim<\/span><\/a><\/li><li class=\"lwrp-list-item\"><a href=\"https:\/\/cyprusprimeproperty.com\/tr\/paketler\/\" class=\"lwrp-list-link\"><span class=\"lwrp-list-link-title-text\">Paketler<\/span><\/a><\/li><li class=\"lwrp-list-item\"><a href=\"https:\/\/cyprusprimeproperty.com\/tr\/elementor-ile-ilanlar\/\" class=\"lwrp-list-link\"><span class=\"lwrp-list-link-title-text\">Elementor ile ilanlar<\/span><\/a><\/li><li class=\"lwrp-list-item\"><a href=\"https:\/\/cyprusprimeproperty.com\/tr\/yasam-tarzi-ve-yasam-ust-kategori\/8-guvenlik-istikrar-ve-misafirperverlik-kuzey-kibris-neden-akdenizin-en-huzurlu-yeridir\/\" class=\"lwrp-list-link\"><span class=\"lwrp-list-link-title-text\">G\u00fcvenlik, istikrar ve misafirperverlik: Kuzey K\u0131br\u0131s neden Akdeniz&#8217;in en huzurlu yeridir<\/span><\/a><\/li>                    <\/ul>\r\n                    <ul class=\"lwrp-list lwrp-list-double lwrp-list-right\">\r\n                        <li class=\"lwrp-list-item\"><a href=\"https:\/\/cyprusprimeproperty.com\/tr\/harita-basligi-ile\/\" class=\"lwrp-list-link\"><span class=\"lwrp-list-link-title-text\">Harita ba\u015fl\u0131\u011f\u0131 ile<\/span><\/a><\/li><li class=\"lwrp-list-item\"><a href=\"https:\/\/cyprusprimeproperty.com\/tr\/kullanici-paneli\/\" class=\"lwrp-list-link\"><span class=\"lwrp-list-link-title-text\">Kullan\u0131c\u0131 paneli<\/span><\/a><\/li><li class=\"lwrp-list-item\"><a href=\"https:\/\/cyprusprimeproperty.com\/tr\/yarim-harita-ile\/\" class=\"lwrp-list-link\"><span class=\"lwrp-list-link-title-text\">Yar\u0131m harita ile<\/span><\/a><\/li><li class=\"lwrp-list-item\"><a href=\"https:\/\/cyprusprimeproperty.com\/tr\/uncategorized-tr\/dubai-ve-kuzey-kibris-kktc-2025te-hangi-emlak-piyasasi-kazaniyor\/\" class=\"lwrp-list-link\"><span class=\"lwrp-list-link-title-text\">2025&#8217;in En \u0130yi Gayrimenkul Yat\u0131r\u0131m\u0131: Dubai ve Kuzey K\u0131br\u0131s (KKTC) Pazar Analizi ve Yat\u0131r\u0131m Getirisi Kar\u015f\u0131la\u015ft\u0131rmas\u0131<\/span><\/a><\/li>                    <\/ul>\r\n                <\/div>\r\n                        <\/div>\r\n<\/div>","protected":false},"excerpt":{"rendered":"<p>1 Property Apartment Daha fazla detay Related Posts ProfilimPaketlerElementor ile ilanlarG\u00fcvenlik, istikrar ve misafirperverlik: Kuzey K\u0131br\u0131s neden Akdeniz&#8217;in en huzurlu yeridir Harita ba\u015fl\u0131\u011f\u0131 ileKullan\u0131c\u0131 paneliYar\u0131m harita ile2025&#8217;in En \u0130yi Gayrimenkul Yat\u0131r\u0131m\u0131: Dubai ve Kuzey K\u0131br\u0131s (KKTC) Pazar Analizi ve Yat\u0131r\u0131m Getirisi Kar\u015f\u0131la\u015ft\u0131rmas\u0131<\/p>\n","protected":false},"author":1,"featured_media":0,"parent":0,"menu_order":0,"comment_status":"closed","ping_status":"closed","template":"template\/template-homepage.php","meta":{"footnotes":""},"class_list":["post-19184","page","type-page","status-publish","hentry"],"_links":{"self":[{"href":"https:\/\/cyprusprimeproperty.com\/tr\/wp-json\/wp\/v2\/pages\/19184","targetHints":{"allow":["GET"]}}],"collection":[{"href":"https:\/\/cyprusprimeproperty.com\/tr\/wp-json\/wp\/v2\/pages"}],"about":[{"href":"https:\/\/cyprusprimeproperty.com\/tr\/wp-json\/wp\/v2\/types\/page"}],"author":[{"embeddable":true,"href":"https:\/\/cyprusprimeproperty.com\/tr\/wp-json\/wp\/v2\/users\/1"}],"replies":[{"embeddable":true,"href":"https:\/\/cyprusprimeproperty.com\/tr\/wp-json\/wp\/v2\/comments?post=19184"}],"version-history":[{"count":0,"href":"https:\/\/cyprusprimeproperty.com\/tr\/wp-json\/wp\/v2\/pages\/19184\/revisions"}],"wp:attachment":[{"href":"https:\/\/cyprusprimeproperty.com\/tr\/wp-json\/wp\/v2\/media?parent=19184"}],"curies":[{"name":"wp","href":"https:\/\/api.w.org\/{rel}","templated":true}]}}