{"id":19199,"date":"2023-02-02T16:08:20","date_gmt":"2023-02-02T15:08:20","guid":{"rendered":"https:\/\/cyprusprimeproperty.com\/ilanlar-izgarasi-v7\/"},"modified":"2023-02-02T16:08:20","modified_gmt":"2023-02-02T15:08:20","slug":"ilanlar-izgarasi-v7","status":"publish","type":"page","link":"https:\/\/cyprusprimeproperty.com\/tr\/ilanlar-izgarasi-v7\/","title":{"rendered":"\u0130lanlar \u0131zgaras\u0131 v7"},"content":{"rendered":"<style>\r\n.lwrp.link-whisper-related-posts{\r\n            \r\n            margin-top: 40px;\nmargin-bottom: 30px;\r\n        }\r\n        .lwrp .lwrp-title{\r\n            \r\n            \r\n        }.lwrp .lwrp-description{\r\n            \r\n            \r\n\r\n        }\r\n        .lwrp .lwrp-list-container{\r\n        }\r\n        .lwrp .lwrp-list-multi-container{\r\n            display: flex;\r\n        }\r\n        .lwrp .lwrp-list-double{\r\n            width: 48%;\r\n        }\r\n        .lwrp .lwrp-list-triple{\r\n            width: 32%;\r\n        }\r\n        .lwrp .lwrp-list-row-container{\r\n            display: flex;\r\n            justify-content: space-between;\r\n        }\r\n        .lwrp .lwrp-list-row-container .lwrp-list-item{\r\n            width: calc(25% - 20px);\r\n        }\r\n        .lwrp .lwrp-list-item:not(.lwrp-no-posts-message-item){\r\n            \r\n            \r\n        }\r\n        .lwrp .lwrp-list-item img{\r\n            max-width: 100%;\r\n            height: auto;\r\n            object-fit: cover;\r\n            aspect-ratio: 1 \/ 1;\r\n        }\r\n        .lwrp .lwrp-list-item.lwrp-empty-list-item{\r\n            background: initial !important;\r\n        }\r\n        .lwrp .lwrp-list-item .lwrp-list-link .lwrp-list-link-title-text,\r\n        .lwrp .lwrp-list-item .lwrp-list-no-posts-message{\r\n            \r\n            \r\n            \r\n            \r\n        }@media screen and (max-width: 480px) {\r\n            .lwrp.link-whisper-related-posts{\r\n                \r\n                \r\n            }\r\n            .lwrp .lwrp-title{\r\n                \r\n                \r\n            }.lwrp .lwrp-description{\r\n                \r\n                \r\n            }\r\n            .lwrp .lwrp-list-multi-container{\r\n                flex-direction: column;\r\n            }\r\n            .lwrp .lwrp-list-multi-container ul.lwrp-list{\r\n                margin-top: 0px;\r\n                margin-bottom: 0px;\r\n                padding-top: 0px;\r\n                padding-bottom: 0px;\r\n            }\r\n            .lwrp .lwrp-list-double,\r\n            .lwrp .lwrp-list-triple{\r\n                width: 100%;\r\n            }\r\n            .lwrp .lwrp-list-row-container{\r\n                justify-content: initial;\r\n                flex-direction: column;\r\n            }\r\n            .lwrp .lwrp-list-row-container .lwrp-list-item{\r\n                width: 100%;\r\n            }\r\n            .lwrp .lwrp-list-item:not(.lwrp-no-posts-message-item){\r\n                \r\n                \r\n            }\r\n            .lwrp .lwrp-list-item .lwrp-list-link .lwrp-list-link-title-text,\r\n            .lwrp .lwrp-list-item .lwrp-list-no-posts-message{\r\n                \r\n                \r\n                \r\n                \r\n            };\r\n        }<\/style>\r\n<div id=\"link-whisper-related-posts-widget\" class=\"link-whisper-related-posts lwrp\">\r\n            <h3 class=\"lwrp-title\">Related Posts<\/h3>    \r\n        <div class=\"lwrp-list-container\">\r\n                                            <div class=\"lwrp-list-multi-container\">\r\n                    <ul class=\"lwrp-list lwrp-list-double lwrp-list-left\">\r\n                        <li class=\"lwrp-list-item\"><a href=\"https:\/\/cyprusprimeproperty.com\/tr\/iletisim\/\" class=\"lwrp-list-link\"><span class=\"lwrp-list-link-title-text\">\u0130leti\u015fim<\/span><\/a><\/li><li class=\"lwrp-list-item\"><a href=\"https:\/\/cyprusprimeproperty.com\/tr\/profilim\/\" class=\"lwrp-list-link\"><span class=\"lwrp-list-link-title-text\">Profilim<\/span><\/a><\/li><li class=\"lwrp-list-item\"><a href=\"https:\/\/cyprusprimeproperty.com\/tr\/uncategorized-tr\/10-yuksek-getiriler-ve-sermaye-artisi-simdi-yatirim-yapmanin-en-iyi-zamani-neden\/\" class=\"lwrp-list-link\"><span class=\"lwrp-list-link-title-text\">Y\u00fcksek getiri ve sermaye art\u0131\u015f\u0131: neden \u015fimdi yat\u0131r\u0131m yapman\u0131n en iyi zaman\u0131<\/span><\/a><\/li><li class=\"lwrp-list-item\"><a href=\"https:\/\/cyprusprimeproperty.com\/tr\/v7-carousel-testi\/\" class=\"lwrp-list-link\"><span class=\"lwrp-list-link-title-text\">v7 carousel testi<\/span><\/a><\/li>                    <\/ul>\r\n                    <ul class=\"lwrp-list lwrp-list-double lwrp-list-right\">\r\n                        <li class=\"lwrp-list-item\"><a href=\"https:\/\/cyprusprimeproperty.com\/tr\/uncategorized-tr\/vergi-avantajlari-akilli-yatirimcilar-2025te-nasil-faydalaniyor\/\" class=\"lwrp-list-link\"><span class=\"lwrp-list-link-title-text\">Vergi avantajlar\u0131: ak\u0131ll\u0131 yat\u0131r\u0131mc\u0131lar 2025&#8217;te nas\u0131l faydalan\u0131yor<\/span><\/a><\/li><li class=\"lwrp-list-item\"><a href=\"https:\/\/cyprusprimeproperty.com\/tr\/ilan-izgarasi-v7-tam-genislik-3-sutun\/\" class=\"lwrp-list-link\"><span class=\"lwrp-list-link-title-text\">\u0130lan \u0131zgaras\u0131 v7 &#8211; tam geni\u015flik 3 s\u00fctun<\/span><\/a><\/li><li class=\"lwrp-list-item\"><a href=\"https:\/\/cyprusprimeproperty.com\/tr\/izgara-varsayilani\/\" class=\"lwrp-list-link\"><span class=\"lwrp-list-link-title-text\">Izgara varsay\u0131lan\u0131<\/span><\/a><\/li><li class=\"lwrp-list-item\"><a href=\"https:\/\/cyprusprimeproperty.com\/tr\/liste-duzeni-tam-genislik\/\" class=\"lwrp-list-link\"><span class=\"lwrp-list-link-title-text\">Liste d\u00fczeni tam geni\u015flik<\/span><\/a><\/li>                    <\/ul>\r\n                <\/div>\r\n                        <\/div>\r\n<\/div>","protected":false},"excerpt":{"rendered":"<p>Related Posts \u0130leti\u015fimProfilimY\u00fcksek getiri ve sermaye art\u0131\u015f\u0131: neden \u015fimdi yat\u0131r\u0131m yapman\u0131n en iyi zaman\u0131v7 carousel testi Vergi avantajlar\u0131: ak\u0131ll\u0131 yat\u0131r\u0131mc\u0131lar 2025&#8217;te nas\u0131l faydalan\u0131yor\u0130lan \u0131zgaras\u0131 v7 &#8211; tam geni\u015flik 3 s\u00fctunIzgara varsay\u0131lan\u0131Liste d\u00fczeni tam geni\u015flik<\/p>\n","protected":false},"author":1,"featured_media":0,"parent":0,"menu_order":0,"comment_status":"closed","ping_status":"closed","template":"template\/template-listing-grid-v7.php","meta":{"footnotes":""},"class_list":["post-19199","page","type-page","status-publish","hentry"],"_links":{"self":[{"href":"https:\/\/cyprusprimeproperty.com\/tr\/wp-json\/wp\/v2\/pages\/19199","targetHints":{"allow":["GET"]}}],"collection":[{"href":"https:\/\/cyprusprimeproperty.com\/tr\/wp-json\/wp\/v2\/pages"}],"about":[{"href":"https:\/\/cyprusprimeproperty.com\/tr\/wp-json\/wp\/v2\/types\/page"}],"author":[{"embeddable":true,"href":"https:\/\/cyprusprimeproperty.com\/tr\/wp-json\/wp\/v2\/users\/1"}],"replies":[{"embeddable":true,"href":"https:\/\/cyprusprimeproperty.com\/tr\/wp-json\/wp\/v2\/comments?post=19199"}],"version-history":[{"count":0,"href":"https:\/\/cyprusprimeproperty.com\/tr\/wp-json\/wp\/v2\/pages\/19199\/revisions"}],"wp:attachment":[{"href":"https:\/\/cyprusprimeproperty.com\/tr\/wp-json\/wp\/v2\/media?parent=19199"}],"curies":[{"name":"wp","href":"https:\/\/api.w.org\/{rel}","templated":true}]}}