{"id":20819,"date":"2025-10-23T12:31:39","date_gmt":"2025-10-23T10:31:39","guid":{"rendered":"https:\/\/cyprusprimeproperty.com\/yasal\/"},"modified":"2026-04-16T03:53:57","modified_gmt":"2026-04-16T01:53:57","slug":"yasal","status":"publish","type":"page","link":"https:\/\/cyprusprimeproperty.com\/tr\/yasal\/","title":{"rendered":"Yasal"},"content":{"rendered":"<p><!-- LEGAL NOTICE \/ IMPRINT \u2013 CyprusPrimeProperty.com --><\/p>\n<section class=\"legal-notice\">\n<h1>Yasal Bildirim<\/h1>\n<p><strong>Son g\u00fcncelleme:<\/strong> Ekim 2025<\/p>\n<h2>1. \u015eirket Bilgileri<\/h2>\n<p>\n    <strong>Cyprus Prime Property<\/strong><br \/> <strong>SunShine Sales GmbH<\/strong> taraf\u0131ndan i\u015fletilen bir markad\u0131r<br \/> Donaustra\u00dfe 26<br \/> 90451 N\u00fcrnberg, Almanya<\/p>\n<p> \ud83d\udcde <a href=\"tel:+4991147733530\">+49 911 477335-30<\/a><br \/> \ud83d\udce7 <a href=\"mailto:info@cyprusprimeproperty.com\">info@cyprusprimeproperty.com<\/a><br \/> \ud83c\udf10 <a href=\"https:\/\/www.cyprusprimeproperty.com\" target=\"_blank\" rel=\"noopener\">www.cyprusprimeproperty.com<\/a>\n  <\/p>\n<h2>2. Yasal Temsilci<\/h2>\n<p>\n  Genel M\u00fcd\u00fcr: <strong>Markus Schebitz<\/strong><br \/> Ticaret Sicili: Amtsgericht N\u00fcrnberg, HRB 41782<br \/> KDV Kimlik No.: DE341064619\n  <\/p>\n<h2>3. \u00a7 18 Abs. 2 MStV (Almanya) Uyar\u0131nca \u0130\u00e7erikten Sorumlu <\/h2>\n<p>\n  Markus Schebitz<br \/> c\/o SunShine Sales GmbH<br \/> Donaustra\u00dfe 26<br \/> 90451 N\u00fcrnberg, Almanya\n  <\/p>\n<h2>4. Sorumluluk Reddi<\/h2>\n<p>\n  Bu web sitesinin i\u00e7eri\u011fi azami \u00f6zenle olu\u015fturulmu\u015ftur. Ancak, sa\u011flanan bilgilerin do\u011frulu\u011fu, eksiksizli\u011fi veya g\u00fcncelli\u011fi konusunda garanti veremeyiz.<br \/>\n  Hizmet sa\u011flay\u0131c\u0131 olarak, \u00a7 7(1) TMG uyar\u0131nca bu sayfalardaki kendi i\u00e7eri\u011fimizden sorumluyuz.<br \/>\n  Ancak \u00a7\u00a7 8 ila 10 TMG uyar\u0131nca, iletilen veya saklanan \u00fc\u00e7\u00fcnc\u00fc taraf bilgilerini izleme veya yasad\u0131\u015f\u0131 faaliyeti g\u00f6steren durumlar\u0131 ara\u015ft\u0131rma y\u00fck\u00fcml\u00fcl\u00fc\u011f\u00fcm\u00fcz bulunmamaktad\u0131r.\n  <\/p>\n<p>\n  Genel yasalar kapsam\u0131nda bilgilerin kald\u0131r\u0131lmas\u0131 veya kullan\u0131m\u0131n\u0131n engellenmesi y\u00fck\u00fcml\u00fcl\u00fckleri bundan etkilenmez.<br \/>\n  Ancak bu konudaki sorumluluk yaln\u0131zca belirli bir ihlalden haberdar olundu\u011fu andan itibaren m\u00fcmk\u00fcnd\u00fcr.<br \/>\n  Bu t\u00fcr yasal ihlallerden haberdar oldu\u011fumuzda, bu i\u00e7eri\u011fi derhal kald\u0131raca\u011f\u0131z.\n  <\/p>\n<h2>5. Ba\u011flant\u0131lar \u0130\u00e7in Sorumluluk<\/h2>\n<p>\n  Web sitemiz, i\u00e7eri\u011fi \u00fczerinde kontrol\u00fcm\u00fcz\u00fcn bulunmad\u0131\u011f\u0131 \u00fc\u00e7\u00fcnc\u00fc taraflar\u0131n harici web sitelerine ba\u011flant\u0131lar i\u00e7ermektedir.<br \/>\n  Bu nedenle, bu harici i\u00e7erikler i\u00e7in herhangi bir sorumluluk \u00fcstlenemeyiz.<br \/>\n  Ba\u011flant\u0131 verilen sayfalar\u0131n i\u00e7eri\u011finden her zaman ilgili sa\u011flay\u0131c\u0131 veya i\u015fletmeci sorumludur.<br \/>\n  Ba\u011flant\u0131lar olu\u015fturuldu\u011fu s\u0131rada yasad\u0131\u015f\u0131 i\u00e7erik fark edilmemi\u015ftir.<br \/>\n  Ba\u011flant\u0131 verilen sayfalar\u0131n s\u00fcrekli izlenmesi, somut bir ihlal kan\u0131t\u0131 olmaks\u0131z\u0131n makul de\u011fildir.<br \/>\n  Bu t\u00fcr ihlallerden haberdar oldu\u011fumuzda, ba\u011flant\u0131lar\u0131 derhal kald\u0131raca\u011f\u0131z.\n  <\/p>\n<h2>6. Telif Hakk\u0131<\/h2>\n<p>\n  Site i\u015fletmecileri taraf\u0131ndan bu sayfalarda olu\u015fturulan i\u00e7erik ve eserler Alman telif hakk\u0131 yasas\u0131na tabidir.<br \/>\n  Telif hakk\u0131 yasas\u0131n\u0131n s\u0131n\u0131rlar\u0131 d\u0131\u015f\u0131nda \u00e7o\u011faltma, d\u00fczenleme, da\u011f\u0131t\u0131m veya her t\u00fcrl\u00fc kullan\u0131m, ilgili yazar veya yarat\u0131c\u0131n\u0131n yaz\u0131l\u0131 onay\u0131n\u0131 gerektirir.<br \/>\n  Bu sitenin indirmeleri ve kopyalar\u0131 yaln\u0131zca \u00f6zel, ticari olmayan kullan\u0131m i\u00e7in izinlidir.\n  <\/p>\n<p>\n  Bu sitedeki i\u00e7eri\u011fin i\u015fletmeci taraf\u0131ndan olu\u015fturulmad\u0131\u011f\u0131 \u00f6l\u00e7\u00fcde, \u00fc\u00e7\u00fcnc\u00fc taraflar\u0131n telif haklar\u0131 sayg\u0131 g\u00f6sterilir.<br \/>\n  \u00d6zellikle, \u00fc\u00e7\u00fcnc\u00fc taraf i\u00e7eri\u011fi bu \u015fekilde i\u015faretlenir.<br \/>\n  Yine de bir telif hakk\u0131 ihlalinden haberdar olursan\u0131z, l\u00fctfen bizi buna g\u00f6re bilgilendiriniz.<br \/>\n  \u0130hlal bildirimi \u00fczerine, bu t\u00fcr i\u00e7erik derhal kald\u0131r\u0131lacakt\u0131r.\n  <\/p>\n<h2>7. \u00c7evrimi\u00e7i Uyu\u015fmazl\u0131k \u00c7\u00f6z\u00fcm\u00fc<\/h2>\n<p>\n  Avrupa Komisyonu \u00c7evrimi\u00e7i Uyu\u015fmazl\u0131k \u00c7\u00f6z\u00fcm\u00fc (ODR) i\u00e7in bir platform sa\u011flamaktad\u0131r:<br \/>\n    <a href=\"https:\/\/ec.europa.eu\/consumers\/odr\" target=\"_blank\" rel=\"noopener nofollow\">https:\/\/ec.europa.eu\/consumers\/odr<\/a><br \/> T\u00fcketici tahkim kurulu \u00f6n\u00fcnde bir uyu\u015fmazl\u0131k \u00e7\u00f6z\u00fcm prosed\u00fcr\u00fcne kat\u0131lma y\u00fck\u00fcml\u00fcl\u00fc\u011f\u00fcm\u00fcz veya iste\u011fimiz bulunmamaktad\u0131r.\n  <\/p>\n<h2>8. Mesleki Sorumluluk \/ Faaliyet Alan\u0131<\/h2>\n<p>\n Cyprus Prime Property, <a class=\"wpil_keyword_link\" href=\"https:\/\/cyprusprimeproperty.com\/tr\/uncategorized-tr\/bilmeniz-gereken-10-sey-nakit-kripto-veya-euro-kuzey-kibrista-her-yatirimci-neden-hos-karsilanir\/\" title=\"Bilmeniz Gereken 10 \u015eey \u2013 Nakit, Kripto veya Euro: Kuzey K\u0131br\u0131s&#039;ta Her Yat\u0131r\u0131mc\u0131 Neden Ho\u015f Kar\u015f\u0131lan\u0131r\" data-wpil-keyword-link=\"linked\" data-wpil-monitor-id=\"673848\">Kuzey K\u0131br\u0131s<\/a>&#8216;ta bulunan gayrimenkullerde uzmanla\u015fm\u0131\u015f bir gayrimenkul dan\u0131\u015fmanl\u0131\u011f\u0131 ve yat\u0131r\u0131m pazarlama ajans\u0131 olarak hizmet vermektedir.<br \/>\n T\u00fcm gayrimenkul detaylar\u0131, fiyatlar\u0131 ve m\u00fcsaitlik durumlar\u0131 de\u011fi\u015fiklik g\u00f6sterebilir ve ilgili m\u00fcteahhitler taraf\u0131ndan sa\u011flanmaktad\u0131r.<br \/>\n Do\u011fruluk veya eksiksizlik konusunda herhangi bir garanti verilmemektedir. Almanya&#8217;da akdedilen s\u00f6zle\u015fmeler i\u00e7in ge\u00e7erli hukuk, Alman hukukudur.\n  <\/p>\n<h2>9. \u0130leti\u015fim<\/h2>\n<p>\n  Herhangi bir yasal veya gizlilik ile ilgili sorular\u0131n\u0131z i\u00e7in l\u00fctfen ileti\u015fime ge\u00e7iniz:<br \/>    <strong>SunShine Sales GmbH \u2013 Hukuk Departman\u0131<\/strong><br \/> \ud83d\udce7 <a href=\"mailto:info@cyprusprimeproperty.com\">info@cyprusprimeproperty.com<\/a><br \/> \ud83d\udcde <a href=\"tel:+4991147733530\">+49 911 477335-30<\/a>\n  <\/p>\n<\/section>\n<p><!-- STRUCTURED DATA FOR LEGAL PAGE --><\/p>\n<p>{<br \/>\n &#8220;@context&#8221;: &#8220;https:\/\/schema.org&#8221;,<br \/>\n  &#8220;@type&#8221;: &#8220;WebPage&#8221;,<br \/>\n  &#8220;name&#8221;: &#8220;Yasal Bildirim \u2013 Cyprus Prime Property&#8221;,<br \/>\n  &#8220;url&#8221;: &#8220;https:\/\/www.cyprusprimeproperty.com\/legal\/&#8221;,<br \/>\n  &#8220;inLanguage&#8221;: &#8220;en&#8221;,<br \/>\n  &#8220;mainEntity&#8221;: {<br \/>\n  &#8220;@type&#8221;: &#8220;Organization&#8221;,<br \/>\n  &#8220;name&#8221;: &#8220;Cyprus Prime Property&#8221;,<br \/>\n  &#8220;url&#8221;: &#8220;https:\/\/www.cyprusprimeproperty.com&#8221;,<br \/>\n  &#8220;logo&#8221;: {<br \/>\n  &#8220;@type&#8221;: &#8220;ImageObject&#8221;,<br \/>\n &#8220;url&#8221;: &#8220;https:\/\/cyprusprimeproperty.com\/wp-content\/smush-webp\/2025\/10\/CPP-CyprusPrimeProperty-Logo-blau3-800&#215;250-1.png.webp&#8221;<br \/>\n  },<br \/>\n  &#8220;parentOrganization&#8221;: {<br \/>\n  &#8220;@type&#8221;: &#8220;Organization&#8221;,<br \/>\n  &#8220;name&#8221;: &#8220;SunShine Sales GmbH&#8221;,<br \/>\n  &#8220;address&#8221;: {<br \/>\n  &#8220;@type&#8221;: &#8220;PostalAddress&#8221;,<br \/>\n  &#8220;streetAddress&#8221;: &#8220;Donaustra\u00dfe 26&#8221;,<br \/>\n  &#8220;postalCode&#8221;: &#8220;90451&#8221;,<br \/>\n  &#8220;addressLocality&#8221;: &#8220;N\u00fcrnberg&#8221;,<br \/>\n  &#8220;addressCountry&#8221;: &#8220;DE&#8221;<br \/>\n  },<br \/>\n  &#8220;telephone&#8221;: &#8220;+49 911 477335-30&#8221;,<br \/>\n  &#8220;email&#8221;: &#8220;info@cyprusprimeproperty.com&#8221;<br \/>\n  }<br \/>\n  },<br \/>\n  &#8220;publisher&#8221;: {<br \/>\n  &#8220;@type&#8221;: &#8220;Organization&#8221;,<br \/>\n  &#8220;name&#8221;: &#8220;SunShine Sales GmbH&#8221;,<br \/>\n  &#8220;url&#8221;: &#8220;https:\/\/www.sunshinesales.de&#8221;<br \/>\n  },<br \/>\n  &#8220;datePublished&#8221;: &#8220;2025-10-23&#8221;,<br \/>\n  &#8220;dateModified&#8221;: &#8220;2025-10-23&#8221;,<br \/>\n  &#8220;about&#8221;: &#8220;AB ve Alman hukuku kapsam\u0131nda gerekli olan CyprusPrimeProperty.com i\u00e7in yasal a\u00e7\u0131klama, \u015firket detaylar\u0131 ve sorumluluk reddi beyanlar\u0131.&#8221;<br \/>\n}<\/p>\n<style>\r\n.lwrp.link-whisper-related-posts{\r\n            \r\n            margin-top: 40px;\nmargin-bottom: 30px;\r\n        }\r\n        .lwrp .lwrp-title{\r\n            \r\n            \r\n        }.lwrp .lwrp-description{\r\n            \r\n            \r\n\r\n        }\r\n        .lwrp .lwrp-list-container{\r\n        }\r\n        .lwrp .lwrp-list-multi-container{\r\n            display: flex;\r\n        }\r\n        .lwrp .lwrp-list-double{\r\n            width: 48%;\r\n        }\r\n        .lwrp .lwrp-list-triple{\r\n            width: 32%;\r\n        }\r\n        .lwrp .lwrp-list-row-container{\r\n            display: flex;\r\n            justify-content: space-between;\r\n        }\r\n        .lwrp .lwrp-list-row-container .lwrp-list-item{\r\n            width: calc(25% - 20px);\r\n        }\r\n        .lwrp .lwrp-list-item:not(.lwrp-no-posts-message-item){\r\n            \r\n            \r\n        }\r\n        .lwrp .lwrp-list-item img{\r\n            max-width: 100%;\r\n            height: auto;\r\n            object-fit: cover;\r\n            aspect-ratio: 1 \/ 1;\r\n        }\r\n        .lwrp .lwrp-list-item.lwrp-empty-list-item{\r\n            background: initial !important;\r\n        }\r\n        .lwrp .lwrp-list-item .lwrp-list-link .lwrp-list-link-title-text,\r\n        .lwrp .lwrp-list-item .lwrp-list-no-posts-message{\r\n            \r\n            \r\n            \r\n            \r\n        }@media screen and (max-width: 480px) {\r\n            .lwrp.link-whisper-related-posts{\r\n                \r\n                \r\n            }\r\n            .lwrp .lwrp-title{\r\n                \r\n                \r\n            }.lwrp .lwrp-description{\r\n                \r\n                \r\n            }\r\n            .lwrp .lwrp-list-multi-container{\r\n                flex-direction: column;\r\n            }\r\n            .lwrp .lwrp-list-multi-container ul.lwrp-list{\r\n                margin-top: 0px;\r\n                margin-bottom: 0px;\r\n                padding-top: 0px;\r\n                padding-bottom: 0px;\r\n            }\r\n            .lwrp .lwrp-list-double,\r\n            .lwrp .lwrp-list-triple{\r\n                width: 100%;\r\n            }\r\n            .lwrp .lwrp-list-row-container{\r\n                justify-content: initial;\r\n                flex-direction: column;\r\n            }\r\n            .lwrp .lwrp-list-row-container .lwrp-list-item{\r\n                width: 100%;\r\n            }\r\n            .lwrp .lwrp-list-item:not(.lwrp-no-posts-message-item){\r\n                \r\n                \r\n            }\r\n            .lwrp .lwrp-list-item .lwrp-list-link .lwrp-list-link-title-text,\r\n            .lwrp .lwrp-list-item .lwrp-list-no-posts-message{\r\n                \r\n                \r\n                \r\n                \r\n            };\r\n        }<\/style>\r\n<div id=\"link-whisper-related-posts-widget\" class=\"link-whisper-related-posts lwrp\">\r\n            <h3 class=\"lwrp-title\">Related Posts<\/h3>    \r\n        <div class=\"lwrp-list-container\">\r\n                                            <div class=\"lwrp-list-multi-container\">\r\n                    <ul class=\"lwrp-list lwrp-list-double lwrp-list-left\">\r\n                        <li class=\"lwrp-list-item\"><a href=\"https:\/\/cyprusprimeproperty.com\/tr\/hakkinda\/\" class=\"lwrp-list-link\"><span class=\"lwrp-list-link-title-text\">Hakk\u0131nda<\/span><\/a><\/li><li class=\"lwrp-list-item\"><a href=\"https:\/\/cyprusprimeproperty.com\/tr\/one-cikanlar-ustte\/\" class=\"lwrp-list-link\"><span class=\"lwrp-list-link-title-text\">\u00d6ne \u00e7\u0131kanlar \u00fcstte<\/span><\/a><\/li><li class=\"lwrp-list-item\"><a href=\"https:\/\/cyprusprimeproperty.com\/tr\/tam-genislikte-izgara\/\" class=\"lwrp-list-link\"><span class=\"lwrp-list-link-title-text\">Tam geni\u015flikte \u0131zgara<\/span><\/a><\/li><li class=\"lwrp-list-item\"><a href=\"https:\/\/cyprusprimeproperty.com\/tr\/baslikli-ana-sayfa-formu\/\" class=\"lwrp-list-link\"><span class=\"lwrp-list-link-title-text\">Ba\u015fl\u0131kl\u0131 ana sayfa formu<\/span><\/a><\/li>                    <\/ul>\r\n                    <ul class=\"lwrp-list lwrp-list-double lwrp-list-right\">\r\n                        <li class=\"lwrp-list-item\"><a href=\"https:\/\/cyprusprimeproperty.com\/tr\/ilanlar-elementor-kenar-cubugu\/\" class=\"lwrp-list-link\"><span class=\"lwrp-list-link-title-text\">\u0130lanlar elementor &amp; kenar \u00e7ubu\u011fu<\/span><\/a><\/li><li class=\"lwrp-list-item\"><a href=\"https:\/\/cyprusprimeproperty.com\/tr\/uncategorized-tr\/bilmeniz-gereken-10-sey-nakit-kripto-veya-euro-kuzey-kibrista-her-yatirimci-neden-hos-karsilanir\/\" class=\"lwrp-list-link\"><span class=\"lwrp-list-link-title-text\">Bilmeniz gereken 10 \u015fey &#8211; Nakit, kripto veya euro: Kuzey K\u0131br\u0131s&#8217;ta her yat\u0131r\u0131mc\u0131 neden ho\u015f kar\u015f\u0131lan\u0131r<\/span><\/a><\/li><li class=\"lwrp-list-item\"><a href=\"https:\/\/cyprusprimeproperty.com\/tr\/stripe\/\" class=\"lwrp-list-link\"><span class=\"lwrp-list-link-title-text\">Stripe<\/span><\/a><\/li><li class=\"lwrp-list-item\"><a href=\"https:\/\/cyprusprimeproperty.com\/tr\/mulkleri-karsilastir\/\" class=\"lwrp-list-link\"><span class=\"lwrp-list-link-title-text\">M\u00fclkleri kar\u015f\u0131la\u015ft\u0131r<\/span><\/a><\/li>                    <\/ul>\r\n                <\/div>\r\n                        <\/div>\r\n<\/div>","protected":false},"excerpt":{"rendered":"<p>SunShine Sales GmbH taraf\u0131ndan i\u015fletilen Cyprus Prime Property i\u00e7in \u015firket detaylar\u0131, sorumluluk reddi beyanlar\u0131 ve ileti\u015fim bilgilerini i\u00e7eren resmi yasal bildirim.<\/p>\n","protected":false},"author":1,"featured_media":20820,"parent":0,"menu_order":0,"comment_status":"closed","ping_status":"closed","template":"","meta":{"footnotes":""},"class_list":["post-20819","page","type-page","status-publish","has-post-thumbnail","hentry"],"_links":{"self":[{"href":"https:\/\/cyprusprimeproperty.com\/tr\/wp-json\/wp\/v2\/pages\/20819","targetHints":{"allow":["GET"]}}],"collection":[{"href":"https:\/\/cyprusprimeproperty.com\/tr\/wp-json\/wp\/v2\/pages"}],"about":[{"href":"https:\/\/cyprusprimeproperty.com\/tr\/wp-json\/wp\/v2\/types\/page"}],"author":[{"embeddable":true,"href":"https:\/\/cyprusprimeproperty.com\/tr\/wp-json\/wp\/v2\/users\/1"}],"replies":[{"embeddable":true,"href":"https:\/\/cyprusprimeproperty.com\/tr\/wp-json\/wp\/v2\/comments?post=20819"}],"version-history":[{"count":10,"href":"https:\/\/cyprusprimeproperty.com\/tr\/wp-json\/wp\/v2\/pages\/20819\/revisions"}],"predecessor-version":[{"id":645659,"href":"https:\/\/cyprusprimeproperty.com\/tr\/wp-json\/wp\/v2\/pages\/20819\/revisions\/645659"}],"wp:featuredmedia":[{"embeddable":true,"href":"https:\/\/cyprusprimeproperty.com\/tr\/wp-json\/wp\/v2\/media\/20820"}],"wp:attachment":[{"href":"https:\/\/cyprusprimeproperty.com\/tr\/wp-json\/wp\/v2\/media?parent=20819"}],"curies":[{"name":"wp","href":"https:\/\/api.w.org\/{rel}","templated":true}]}}